{"id":10587,"date":"2025-10-30T10:53:00","date_gmt":"2025-10-30T09:53:00","guid":{"rendered":"https:\/\/100km.ch\/assurance-annulation\/"},"modified":"2025-10-30T10:55:56","modified_gmt":"2025-10-30T09:55:56","slug":"assurance-annulation","status":"publish","type":"page","link":"https:\/\/100km.ch\/fr\/assurance-annulation\/","title":{"rendered":"Assurance annulation"},"content":{"rendered":"\n<h2 class=\"gb-headline gb-headline-6c304a4d gb-headline-text\">Assurance annulation <\/h2>\n\n<p>Si tu t&rsquo;es inscrit en ligne via Datasport et que tu as souscrit une assurance annulation, tu peux, par exemple en cas de blessure ou de maladie, demander \u00e0 l&rsquo;assurance le remboursement des frais d&rsquo;inscription. L&rsquo;assurance est g\u00e9r\u00e9e par Datasport et tu trouveras toutes les informations \u00e0 ce sujet <a href=\"https:\/\/datasport.com\/de\/erv\/\">ici<\/a>. <\/p>\n\n<p><\/p>\n","protected":false},"excerpt":{"rendered":"<p>Assurance annulation Si tu t&rsquo;es inscrit en ligne via Datasport et que tu as souscrit une assurance annulation, tu peux, par exemple en cas de blessure ou de maladie, demander \u00e0 l&rsquo;assurance le remboursement des frais d&rsquo;inscription. L&rsquo;assurance est g\u00e9r\u00e9e par Datasport et tu trouveras toutes les informations \u00e0 ce sujet ici.<\/p>\n","protected":false},"author":3,"featured_media":8947,"parent":0,"menu_order":0,"comment_status":"closed","ping_status":"closed","template":"","meta":{"_acf_changed":false,"_eb_attr":"","_kad_blocks_custom_css":"","_kad_blocks_head_custom_js":"","_kad_blocks_body_custom_js":"","_kad_blocks_footer_custom_js":"","_kad_post_transparent":"","_kad_post_title":"","_kad_post_layout":"","_kad_post_sidebar_id":"","_kad_post_content_style":"","_kad_post_vertical_padding":"","_kad_post_feature":"","_kad_post_feature_position":"","_kad_post_header":false,"_kad_post_footer":false,"_kad_post_classname":"","footnotes":""},"categories":[43],"class_list":["post-10587","page","type-page","status-publish","has-post-thumbnail","hentry","category-info-coureur"],"acf":[],"taxonomy_info":{"category":[{"value":43,"label":"info coureur"}]},"featured_image_src_large":["https:\/\/100km.ch\/wp-content\/uploads\/DSC_2581-1024x683.jpg",1024,683,true],"author_info":{"display_name":"Eventra","author_link":"https:\/\/100km.ch\/fr\/author\/murielle\/"},"comment_info":0,"_links":{"self":[{"href":"https:\/\/100km.ch\/fr\/wp-json\/wp\/v2\/pages\/10587","targetHints":{"allow":["GET"]}}],"collection":[{"href":"https:\/\/100km.ch\/fr\/wp-json\/wp\/v2\/pages"}],"about":[{"href":"https:\/\/100km.ch\/fr\/wp-json\/wp\/v2\/types\/page"}],"author":[{"embeddable":true,"href":"https:\/\/100km.ch\/fr\/wp-json\/wp\/v2\/users\/3"}],"replies":[{"embeddable":true,"href":"https:\/\/100km.ch\/fr\/wp-json\/wp\/v2\/comments?post=10587"}],"version-history":[{"count":1,"href":"https:\/\/100km.ch\/fr\/wp-json\/wp\/v2\/pages\/10587\/revisions"}],"predecessor-version":[{"id":10588,"href":"https:\/\/100km.ch\/fr\/wp-json\/wp\/v2\/pages\/10587\/revisions\/10588"}],"wp:featuredmedia":[{"embeddable":true,"href":"https:\/\/100km.ch\/fr\/wp-json\/wp\/v2\/media\/8947"}],"wp:attachment":[{"href":"https:\/\/100km.ch\/fr\/wp-json\/wp\/v2\/media?parent=10587"}],"wp:term":[{"taxonomy":"category","embeddable":true,"href":"https:\/\/100km.ch\/fr\/wp-json\/wp\/v2\/categories?post=10587"}],"curies":[{"name":"wp","href":"https:\/\/api.w.org\/{rel}","templated":true}]}}