{"id":10847,"date":"2026-05-01T07:21:14","date_gmt":"2026-05-01T06:21:14","guid":{"rendered":"https:\/\/100km.ch\/dossards\/"},"modified":"2026-05-01T11:02:31","modified_gmt":"2026-05-01T10:02:31","slug":"dossards","status":"publish","type":"page","link":"https:\/\/100km.ch\/fr\/dossards\/","title":{"rendered":"Dossards"},"content":{"rendered":"\n<h2 class=\"gb-headline gb-headline-1abfd654 gb-headline-text\">Dossards<\/h2>\n\n<p>Tous les coureurs qui s&rsquo;inscrivent avant le samedi 24 mai recevront leur dossard par la poste \u00e0 leur domicile. Il est donc important d&rsquo;indiquer une adresse correcte lors de l&rsquo;inscription. Tous les coureurs qui s&rsquo;inscrivent \u00e0 partir du 25 mai devront retirer leur dossard au retrait des dossards.    <\/p>\n\n<p>Les \u00e9quipes sont exclues de cette r\u00e8gle. Toutes les \u00e9quipes de relais doivent retirer leurs dossards au retrait des dossards. <\/p>\n\n<h2 class=\"gb-headline gb-headline-220d7b4f gb-headline-text\">Horaires de retrait des dossards<\/h2>\n\n<p><strong>Jeudi, 4 Juin<br\/><\/strong>17:00 &#8211; 20:00 au <a href=\"https:\/\/centre-bahnhof.ch\/de\">Coop Centre Bahnhof<\/a><\/p>\n\n<p><strong>Vendredi, 5 juin<br\/><\/strong>15:00 &#8211; 22:00 au Tissot Arena (Place Publique)<\/p>\n\n<p><strong>Samedi, 6 juin<\/strong><br\/>09:00 &#8211; 14:00 au Tissot Arena (Place Publique)<\/p>\n\n<p><\/p>\n","protected":false},"excerpt":{"rendered":"<p>Dossards Tous les coureurs qui s&rsquo;inscrivent avant le samedi 24 mai recevront leur dossard par la poste \u00e0 leur domicile. Il est donc important d&rsquo;indiquer une adresse correcte lors de l&rsquo;inscription. Tous les coureurs qui s&rsquo;inscrivent \u00e0 partir du 25 mai devront retirer leur dossard au retrait des dossards. Les \u00e9quipes sont exclues de cette&#8230;<\/p>\n","protected":false},"author":3,"featured_media":6516,"parent":0,"menu_order":0,"comment_status":"closed","ping_status":"closed","template":"","meta":{"_acf_changed":false,"_eb_attr":"","_kad_blocks_custom_css":"","_kad_blocks_head_custom_js":"","_kad_blocks_body_custom_js":"","_kad_blocks_footer_custom_js":"","_kad_post_transparent":"","_kad_post_title":"","_kad_post_layout":"","_kad_post_sidebar_id":"","_kad_post_content_style":"","_kad_post_vertical_padding":"","_kad_post_feature":"","_kad_post_feature_position":"","_kad_post_header":false,"_kad_post_footer":false,"_kad_post_classname":"","footnotes":""},"categories":[43],"class_list":["post-10847","page","type-page","status-publish","has-post-thumbnail","hentry","category-info-coureur"],"acf":[],"taxonomy_info":{"category":[{"value":43,"label":"info coureur"}]},"featured_image_src_large":["https:\/\/100km.ch\/wp-content\/uploads\/web_A4F_3867-1024x679.webp",1024,679,true],"author_info":{"display_name":"Eventra","author_link":"https:\/\/100km.ch\/fr\/author\/murielle\/"},"comment_info":0,"_links":{"self":[{"href":"https:\/\/100km.ch\/fr\/wp-json\/wp\/v2\/pages\/10847","targetHints":{"allow":["GET"]}}],"collection":[{"href":"https:\/\/100km.ch\/fr\/wp-json\/wp\/v2\/pages"}],"about":[{"href":"https:\/\/100km.ch\/fr\/wp-json\/wp\/v2\/types\/page"}],"author":[{"embeddable":true,"href":"https:\/\/100km.ch\/fr\/wp-json\/wp\/v2\/users\/3"}],"replies":[{"embeddable":true,"href":"https:\/\/100km.ch\/fr\/wp-json\/wp\/v2\/comments?post=10847"}],"version-history":[{"count":3,"href":"https:\/\/100km.ch\/fr\/wp-json\/wp\/v2\/pages\/10847\/revisions"}],"predecessor-version":[{"id":10870,"href":"https:\/\/100km.ch\/fr\/wp-json\/wp\/v2\/pages\/10847\/revisions\/10870"}],"wp:featuredmedia":[{"embeddable":true,"href":"https:\/\/100km.ch\/fr\/wp-json\/wp\/v2\/media\/6516"}],"wp:attachment":[{"href":"https:\/\/100km.ch\/fr\/wp-json\/wp\/v2\/media?parent=10847"}],"wp:term":[{"taxonomy":"category","embeddable":true,"href":"https:\/\/100km.ch\/fr\/wp-json\/wp\/v2\/categories?post=10847"}],"curies":[{"name":"wp","href":"https:\/\/api.w.org\/{rel}","templated":true}]}}