{"id":10858,"date":"2024-05-03T14:07:55","date_gmt":"2024-05-03T13:07:55","guid":{"rendered":"https:\/\/100km.ch\/heures-douverture\/"},"modified":"2026-05-01T11:05:14","modified_gmt":"2026-05-01T10:05:14","slug":"heures-douverture","status":"publish","type":"page","link":"https:\/\/100km.ch\/fr\/heures-douverture\/","title":{"rendered":"Heures d&rsquo;ouverture"},"content":{"rendered":"\n<p><strong>Point d&rsquo;information :  <\/strong><\/p>\n\n<p>Le point d&rsquo;information se trouve sur la Place Publique pr\u00e8s de la Tissot Arena et est ouvert aux heures suivantes :  <\/p>\n\n<p>Vendredi, 05.06.2026 15:00 \u2013 02:00<br\/>Samedi, 06.06.2026 05:00 \u2013 19:00 Uhr<\/p>\n\n<hr class=\"wp-block-separator has-alpha-channel-opacity\"\/>\n\n<p><strong>Remise des t-shirts : <\/strong><\/p>\n\n<p>Tous les coureurs des \u00e9preuves du 10 km, du semi-marathon, du relais \u00e0 2, du relais \u00e0 5 et du Coop Kids Run doivent retirer leur t-shirt au point de distribution situ\u00e9 sur la Place Publique. Les coureurs du 100 km recevront leur t-shirt de finisseur directement \u00e0 l&rsquo;arriv\u00e9e. Le bon pour le t-shirt se trouve sur ton dossard.  <\/p>\n\n<p>Vendredi, 05.06.2026 18:00 \u2013 02:00<br\/>Samedi, 06.06.2026 09:00 \u2013 14:00<\/p>\n\n<hr class=\"wp-block-separator has-alpha-channel-opacity\"\/>\n\n<p><strong>D\u00e9pose des bagages :  <\/strong><\/p>\n\n<p>Les bagages et les objets de valeur peuvent \u00eatre d\u00e9pos\u00e9s gratuitement sur place dans le foyer pr\u00e8s de la Tissot Arena. Vous trouverez le bon pour le d\u00e9p\u00f4t des bagages sur votre dossard.<\/p>\n\n<p>Vendredi, 05.06.2026 19:00 \u2013 02:30<br\/>Samedi, 06.06.2026 05:00 \u2013 19:30<\/p>\n\n<hr class=\"wp-block-separator has-alpha-channel-opacity\"\/>\n\n<p><strong>Num\u00e9ros de dossard : <\/strong><\/p>\n\n<p>Tous les coureurs qui s&rsquo;inscrivent avant le samedi 24 mai recevront leur dossard par la poste \u00e0 leur domicile. Il est donc important d&rsquo;indiquer une adresse correcte lors de l&rsquo;inscription. Tous les coureurs qui s&rsquo;inscrivent \u00e0 partir du 25 mai devront retirer leur dossard au retrait des dossards.    <\/p>\n\n<p>Les \u00e9quipes sont exclues de cette r\u00e8gle. Toutes les \u00e9quipes de relais doivent retirer leurs dossards au retrait des dossards. <\/p>\n\n<p>Jeudi, 04.06.2026 17:00 \u2013 20:00 au <a href=\"https:\/\/centre-bahnhof.ch\/de\">Coop Centre Bahnhof<\/a><br\/>Vendredi, 05.06.2026 15:00 \u2013 22:00 sur la Place Publique<br\/>Samedi, 06.06.2026 09:00 \u2013 14:00 sur la Place Publique<\/p>\n\n<p><\/p>\n","protected":false},"excerpt":{"rendered":"<p>Point d&rsquo;information : Le point d&rsquo;information se trouve sur la Place Publique pr\u00e8s de la Tissot Arena et est ouvert aux heures suivantes : Vendredi, 05.06.2026 15:00 \u2013 02:00Samedi, 06.06.2026 05:00 \u2013 19:00 Uhr Remise des t-shirts : Tous les coureurs des \u00e9preuves du 10 km, du semi-marathon, du relais \u00e0 2, du relais \u00e0&#8230;<\/p>\n","protected":false},"author":3,"featured_media":0,"parent":0,"menu_order":0,"comment_status":"closed","ping_status":"closed","template":"","meta":{"_acf_changed":false,"_eb_attr":"","_kad_blocks_custom_css":"","_kad_blocks_head_custom_js":"","_kad_blocks_body_custom_js":"","_kad_blocks_footer_custom_js":"","_kad_post_transparent":"","_kad_post_title":"","_kad_post_layout":"","_kad_post_sidebar_id":"","_kad_post_content_style":"","_kad_post_vertical_padding":"","_kad_post_feature":"","_kad_post_feature_position":"","_kad_post_header":false,"_kad_post_footer":false,"_kad_post_classname":"","footnotes":""},"categories":[43],"class_list":["post-10858","page","type-page","status-publish","hentry","category-info-coureur"],"acf":[],"taxonomy_info":{"category":[{"value":43,"label":"info coureur"}]},"featured_image_src_large":false,"author_info":{"display_name":"Eventra","author_link":"https:\/\/100km.ch\/fr\/author\/murielle\/"},"comment_info":0,"_links":{"self":[{"href":"https:\/\/100km.ch\/fr\/wp-json\/wp\/v2\/pages\/10858","targetHints":{"allow":["GET"]}}],"collection":[{"href":"https:\/\/100km.ch\/fr\/wp-json\/wp\/v2\/pages"}],"about":[{"href":"https:\/\/100km.ch\/fr\/wp-json\/wp\/v2\/types\/page"}],"author":[{"embeddable":true,"href":"https:\/\/100km.ch\/fr\/wp-json\/wp\/v2\/users\/3"}],"replies":[{"embeddable":true,"href":"https:\/\/100km.ch\/fr\/wp-json\/wp\/v2\/comments?post=10858"}],"version-history":[{"count":2,"href":"https:\/\/100km.ch\/fr\/wp-json\/wp\/v2\/pages\/10858\/revisions"}],"predecessor-version":[{"id":10873,"href":"https:\/\/100km.ch\/fr\/wp-json\/wp\/v2\/pages\/10858\/revisions\/10873"}],"wp:attachment":[{"href":"https:\/\/100km.ch\/fr\/wp-json\/wp\/v2\/media?parent=10858"}],"wp:term":[{"taxonomy":"category","embeddable":true,"href":"https:\/\/100km.ch\/fr\/wp-json\/wp\/v2\/categories?post=10858"}],"curies":[{"name":"wp","href":"https:\/\/api.w.org\/{rel}","templated":true}]}}