{"id":3701,"date":"2022-09-28T23:24:24","date_gmt":"2022-09-28T22:24:24","guid":{"rendered":"https:\/\/100.webdev4u.info\/info-courseur\/"},"modified":"2025-10-30T16:31:55","modified_gmt":"2025-10-30T15:31:55","slug":"info-coureur","status":"publish","type":"page","link":"https:\/\/100km.ch\/fr\/info-coureur\/","title":{"rendered":"Infos"},"content":{"rendered":"\n<p><\/p>\n\n\n\n<h3 class=\"wp-block-heading\">Informations sur les Courses de Bienne 2026<\/h3>\n\n\n\n<p>Vous trouverez ici les principales informations sur les diff\u00e9rents th\u00e8mes des Courses de Bienne. Les th\u00e8mes et les questions sont bien s\u00fbr adapt\u00e9s et mis \u00e0 jour en permanence. Vous trouverez ici toutes les informations sur les formats de course : <a href=\"https:\/\/100km.ch\/fr\/inscription-2023\/\">Formats de course<\/a>  <\/p>\n\n\n\n<div class=\"gb-grid-wrapper gb-grid-wrapper-7a2530a7 gb-query-loop-wrapper\">\n<div class=\"gb-grid-column gb-grid-column-76c1809b gb-query-loop-item post-10587 page type-page status-publish has-post-thumbnail hentry category-info-coureur\"><div class=\"gb-container gb-container-76c1809b\"><div class=\"gb-inside-container\">\n<p class=\"gb-headline gb-headline-4077e0cd gb-headline-text\"><a href=\"https:\/\/100km.ch\/fr\/assurance-annulation\/\">Assurance annulation<\/a><\/p>\n<\/div><\/div><\/div>\n\n<div class=\"gb-grid-column gb-grid-column-76c1809b gb-query-loop-item post-5383 page type-page status-publish has-post-thumbnail hentry category-info-coureur\"><div class=\"gb-container gb-container-76c1809b\"><div class=\"gb-inside-container\">\n<p class=\"gb-headline gb-headline-4077e0cd gb-headline-text\"><a href=\"https:\/\/100km.ch\/fr\/camping\/\">Camping<\/a><\/p>\n<\/div><\/div><\/div>\n\n<div class=\"gb-grid-column gb-grid-column-76c1809b gb-query-loop-item post-3848 page type-page status-publish has-post-thumbnail hentry category-info-coureur\"><div class=\"gb-container gb-container-76c1809b\"><div class=\"gb-inside-container\">\n<p class=\"gb-headline gb-headline-4077e0cd gb-headline-text\"><a href=\"https:\/\/100km.ch\/fr\/declaration-de-confidentialite\/\">D\u00e9claration de confidentialit\u00e9<\/a><\/p>\n<\/div><\/div><\/div>\n\n<div class=\"gb-grid-column gb-grid-column-76c1809b gb-query-loop-item post-5018 page type-page status-publish has-post-thumbnail hentry category-info-coureur\"><div class=\"gb-container gb-container-76c1809b\"><div class=\"gb-inside-container\">\n<p class=\"gb-headline gb-headline-4077e0cd gb-headline-text\"><a href=\"https:\/\/100km.ch\/fr\/dropbag\/\">Dropbag<\/a><\/p>\n<\/div><\/div><\/div>\n\n<div class=\"gb-grid-column gb-grid-column-76c1809b gb-query-loop-item post-5332 page type-page status-publish has-post-thumbnail hentry category-info-coureur\"><div class=\"gb-container gb-container-76c1809b\"><div class=\"gb-inside-container\">\n<p class=\"gb-headline gb-headline-4077e0cd gb-headline-text\"><a href=\"https:\/\/100km.ch\/fr\/entrainement-a-la-course-a-pied\/\">Offres d&rsquo;entra\u00eenement<\/a><\/p>\n<\/div><\/div><\/div>\n\n<div class=\"gb-grid-column gb-grid-column-76c1809b gb-query-loop-item post-5429 page type-page status-publish hentry category-info-coureur\"><div class=\"gb-container gb-container-76c1809b\"><div class=\"gb-inside-container\">\n<p class=\"gb-headline gb-headline-4077e0cd gb-headline-text\"><a href=\"https:\/\/100km.ch\/fr\/parking\/\">Parking<\/a><\/p>\n<\/div><\/div><\/div>\n\n<div class=\"gb-grid-column gb-grid-column-76c1809b gb-query-loop-item post-5678 page type-page status-publish hentry category-info-coureur\"><div class=\"gb-container gb-container-76c1809b\"><div class=\"gb-inside-container\">\n<p class=\"gb-headline gb-headline-4077e0cd gb-headline-text\"><a href=\"https:\/\/100km.ch\/fr\/plans-densemble-des-zones-de-changement\/\">Plans d&rsquo;ensemble des zones de changement<\/a><\/p>\n<\/div><\/div><\/div>\n\n<div class=\"gb-grid-column gb-grid-column-76c1809b gb-query-loop-item post-5484 page type-page status-publish has-post-thumbnail hentry category-info-coureur\"><div class=\"gb-container gb-container-76c1809b\"><div class=\"gb-inside-container\">\n<p class=\"gb-headline gb-headline-4077e0cd gb-headline-text\"><a href=\"https:\/\/100km.ch\/fr\/poste-de-ravitaillement-2\/\">Poste de ravitaillement<\/a><\/p>\n<\/div><\/div><\/div>\n\n<div class=\"gb-grid-column gb-grid-column-76c1809b gb-query-loop-item post-3792 page type-page status-publish hentry category-info-coureur\"><div class=\"gb-container gb-container-76c1809b\"><div class=\"gb-inside-container\">\n<p class=\"gb-headline gb-headline-4077e0cd gb-headline-text\"><a href=\"https:\/\/100km.ch\/fr\/reglement-de-la-competition\/\">R\u00e8glement et conditions de comp\u00e9tition<\/a><\/p>\n<\/div><\/div><\/div>\n\n<div class=\"gb-grid-column gb-grid-column-76c1809b gb-query-loop-item post-9278 page type-page status-publish has-post-thumbnail hentry category-info-coureur\"><div class=\"gb-container gb-container-76c1809b\"><div class=\"gb-inside-container\">\n<p class=\"gb-headline gb-headline-4077e0cd gb-headline-text\"><a href=\"https:\/\/100km.ch\/fr\/swiss-runner-ticket\/\">Swiss Runners Ticket<\/a><\/p>\n<\/div><\/div><\/div>\n<\/div>\n\n\n<div class=\"gb-container gb-container-821a6b24 accordion alignfull\" id=\"accordion\"><div class=\"gb-inside-container\">\n\n<h2 class=\"gb-headline gb-headline-85976e5d gb-headline-text\">FAQ<\/h2>\n\n\n\n<div class=\"gb-grid-wrapper gb-grid-wrapper-f72c33c9 gb-query-loop-wrapper\">\n<div class=\"gb-grid-column gb-grid-column-991ae042 gb-query-loop-item post-9515 faq_posts type-faq_posts status-publish hentry\"><div class=\"gb-container gb-container-991ae042\"><div class=\"gb-inside-container\">\n<div class=\"gb-button-wrapper gb-button-wrapper-f3878817 click\">\n<span class=\"gb-button gb-button-47cc1870 gb-button-text gb-button-standard\">Que faire si je me suis bless\u00e9(e) pendant la pr\u00e9paration ?<\/span>\n<\/div>\n\n<div class=\"gb-container gb-container-cd5495b6\"><div class=\"gb-inside-container\">\n<div class=\"entry-content wp-block-post-content is-layout-flow wp-block-post-content-is-layout-flow\">\n<p>Si tu t\u2019es bless\u00e9(e) et que tu ne peux pas participer \u00e0 la course, adresse-toi directement \u00e0 Datasport \u2013 \u00e0 condition d\u2019avoir souscrit une assurance lors de ton inscription.<br>Tu trouveras ici toutes les informations \u00e0 ce sujet : <a href=\"https:\/\/datasport.com\/fr\/erv\/\">Assurance annulation<\/a><gwmw style=\"display:none;\"><\/gwmw><\/p>\n<\/div>\n<\/div><\/div>\n<\/div><\/div><\/div>\n\n<div class=\"gb-grid-column gb-grid-column-991ae042 gb-query-loop-item post-9186 faq_posts type-faq_posts status-publish hentry\"><div class=\"gb-container gb-container-991ae042\"><div class=\"gb-inside-container\">\n<div class=\"gb-button-wrapper gb-button-wrapper-f3878817 click\">\n<span class=\"gb-button gb-button-47cc1870 gb-button-text gb-button-standard\">Puis-je reporter ma place de d\u00e9part \u00e0 l&rsquo;ann\u00e9e prochaine ?<\/span>\n<\/div>\n\n<div class=\"gb-container gb-container-cd5495b6\"><div class=\"gb-inside-container\">\n<div class=\"entry-content wp-block-post-content is-layout-flow wp-block-post-content-is-layout-flow\">\n<p>Non. Malheureusement ce n&rsquo;est pas possible.<gwmw style=\"display:none;\"><\/gwmw><\/p>\n<\/div>\n<\/div><\/div>\n<\/div><\/div><\/div>\n\n<div class=\"gb-grid-column gb-grid-column-991ae042 gb-query-loop-item post-9150 faq_posts type-faq_posts status-publish hentry\"><div class=\"gb-container gb-container-991ae042\"><div class=\"gb-inside-container\">\n<div class=\"gb-button-wrapper gb-button-wrapper-f3878817 click\">\n<span class=\"gb-button gb-button-47cc1870 gb-button-text gb-button-standard\">Une assistance \u00e0 v\u00e9lo est-elle autoris\u00e9e pour les courses en relais ?<\/span>\n<\/div>\n\n<div class=\"gb-container gb-container-cd5495b6\"><div class=\"gb-inside-container\">\n<div class=\"entry-content wp-block-post-content is-layout-flow wp-block-post-content-is-layout-flow\">\n<p>Pour des raisons de s\u00e9curit\u00e9, une assistance \u00e0 v\u00e9lo est uniquement autoris\u00e9e pour les 100 km (solo). L&rsquo;assistance \u00e0 v\u00e9lo commence \u00e0 Lyss.<gwmw style=\"display:none;\"><\/gwmw><\/p>\n<\/div>\n<\/div><\/div>\n<\/div><\/div><\/div>\n\n<div class=\"gb-grid-column gb-grid-column-991ae042 gb-query-loop-item post-9149 faq_posts type-faq_posts status-publish hentry\"><div class=\"gb-container gb-container-991ae042\"><div class=\"gb-inside-container\">\n<div class=\"gb-button-wrapper gb-button-wrapper-f3878817 click\">\n<span class=\"gb-button gb-button-47cc1870 gb-button-text gb-button-standard\">Est-il possible de remplacer un membre du relais apr\u00e8s l&rsquo;inscription ?<\/span>\n<\/div>\n\n<div class=\"gb-container gb-container-cd5495b6\"><div class=\"gb-inside-container\">\n<div class=\"entry-content wp-block-post-content is-layout-flow wp-block-post-content-is-layout-flow\">\n<p>Si un membre d&rsquo;une \u00e9quipe de relais se blesse avant la course, il est possible de le remplacer ult\u00e9rieurement. Pour cela, veuillez contacter <a href=\"mailto:info@bielerlauftage.ch\">info@bielerlauftage.ch<\/a> par e-mail.<gwmw style=\"display:none;\"><\/gwmw><\/p>\n<\/div>\n<\/div><\/div>\n<\/div><\/div><\/div>\n\n<div class=\"gb-grid-column gb-grid-column-991ae042 gb-query-loop-item post-4041 faq_posts type-faq_posts status-publish hentry\"><div class=\"gb-container gb-container-991ae042\"><div class=\"gb-inside-container\">\n<div class=\"gb-button-wrapper gb-button-wrapper-f3878817 click\">\n<span class=\"gb-button gb-button-47cc1870 gb-button-text gb-button-standard\">Puis-je encore m&rsquo;inscrire \u00e0 la course sur place ?<\/span>\n<\/div>\n\n<div class=\"gb-container gb-container-cd5495b6\"><div class=\"gb-inside-container\">\n<div class=\"entry-content wp-block-post-content is-layout-flow wp-block-post-content-is-layout-flow\">\n<p>Oui, une inscription sur place est possible pour tous les formats de course jusqu&rsquo;\u00e0 2 heures avant le d\u00e9part.<gwmw style=\"display:none;\"><\/gwmw><\/p>\n<\/div>\n<\/div><\/div>\n<\/div><\/div><\/div>\n<\/div>\n\n<\/div><div class=\"gb-shapes\"><div class=\"gb-shape gb-shape-1\"><svg xmlns=\"http:\/\/www.w3.org\/2000\/svg\" viewBox=\"0 0 1200 70\" preserveAspectRatio=\"none\"><path d=\"M670 50L600 0l-70 50H0v20h1200V50z\"\/><\/svg><\/div><\/div><\/div>","protected":false},"excerpt":{"rendered":"<p>Informations sur les Courses de Bienne 2026 Vous trouverez ici les principales informations sur les diff\u00e9rents th\u00e8mes des Courses de Bienne. Les th\u00e8mes et les questions sont bien s\u00fbr adapt\u00e9s et mis \u00e0 jour en permanence. Vous trouverez ici toutes les informations sur les formats de course : Formats de course FAQ<\/p>\n","protected":false},"author":1,"featured_media":10232,"parent":0,"menu_order":0,"comment_status":"closed","ping_status":"closed","template":"","meta":{"_acf_changed":false,"_eb_attr":"","_kad_blocks_custom_css":"","_kad_blocks_head_custom_js":"","_kad_blocks_body_custom_js":"","_kad_blocks_footer_custom_js":"","_kad_post_transparent":"","_kad_post_title":"","_kad_post_layout":"","_kad_post_sidebar_id":"","_kad_post_content_style":"","_kad_post_vertical_padding":"","_kad_post_feature":"","_kad_post_feature_position":"","_kad_post_header":false,"_kad_post_footer":false,"_kad_post_classname":"","footnotes":""},"categories":[30],"class_list":["post-3701","page","type-page","status-publish","has-post-thumbnail","hentry","category-general"],"acf":[],"taxonomy_info":{"category":[{"value":30,"label":"G\u00e9n\u00e9ral"}]},"featured_image_src_large":["https:\/\/100km.ch\/wp-content\/uploads\/print_alphafoto_D5D_4310-3-1024x683.jpg",1024,683,true],"author_info":{"display_name":"marcelheiniger","author_link":"https:\/\/100km.ch\/fr\/author\/marcelheiniger\/"},"comment_info":0,"_links":{"self":[{"href":"https:\/\/100km.ch\/fr\/wp-json\/wp\/v2\/pages\/3701","targetHints":{"allow":["GET"]}}],"collection":[{"href":"https:\/\/100km.ch\/fr\/wp-json\/wp\/v2\/pages"}],"about":[{"href":"https:\/\/100km.ch\/fr\/wp-json\/wp\/v2\/types\/page"}],"author":[{"embeddable":true,"href":"https:\/\/100km.ch\/fr\/wp-json\/wp\/v2\/users\/1"}],"replies":[{"embeddable":true,"href":"https:\/\/100km.ch\/fr\/wp-json\/wp\/v2\/comments?post=3701"}],"version-history":[{"count":13,"href":"https:\/\/100km.ch\/fr\/wp-json\/wp\/v2\/pages\/3701\/revisions"}],"predecessor-version":[{"id":10608,"href":"https:\/\/100km.ch\/fr\/wp-json\/wp\/v2\/pages\/3701\/revisions\/10608"}],"wp:featuredmedia":[{"embeddable":true,"href":"https:\/\/100km.ch\/fr\/wp-json\/wp\/v2\/media\/10232"}],"wp:attachment":[{"href":"https:\/\/100km.ch\/fr\/wp-json\/wp\/v2\/media?parent=3701"}],"wp:term":[{"taxonomy":"category","embeddable":true,"href":"https:\/\/100km.ch\/fr\/wp-json\/wp\/v2\/categories?post=3701"}],"curies":[{"name":"wp","href":"https:\/\/api.w.org\/{rel}","templated":true}]}}