{"id":3706,"date":"2022-09-28T23:24:24","date_gmt":"2022-09-28T22:24:24","guid":{"rendered":"https:\/\/100.webdev4u.info\/patinage-en-couple\/"},"modified":"2025-09-26T15:32:51","modified_gmt":"2025-09-26T14:32:51","slug":"patinage-en-couple","status":"publish","type":"page","link":"https:\/\/100km.ch\/fr\/patinage-en-couple\/","title":{"rendered":"Relais \u00e0 2 (100km)"},"content":{"rendered":"<div class=\"gb-container gb-container-fe9b6c74\"><div class=\"gb-inside-container\">\n\n<h3 class=\"wp-block-heading\">Relais \u00e0 2<\/h3>\n\n\n\n<p>Individuellement, vous \u00eates bons, ensemble, vous \u00eates imbattables ! Partagez les 100 km avec votre partenaire, votre ami, votre coll\u00e8gue de travail ou votre copain de course et vivez cette aventure particuli\u00e8re ensemble. Relevez le d\u00e9fi et prenez le d\u00e9part en \u00e9quipe pour participer \u00e0 la \u00ab\u00a0Nuit des nuits\u00a0\u00bb.  <\/p>\n\n\n<style>.kt-accordion-id49_1dd932-55 .kt-accordion-inner-wrap{column-gap:var(--global-kb-gap-md, 2rem);row-gap:0px;}.kt-accordion-id49_1dd932-55 .kt-accordion-panel-inner{border-top:0px solid transparent;border-right:0px solid transparent;border-bottom:0px solid transparent;border-left:0px solid transparent;padding-top:var(--global-kb-spacing-sm, 1.5rem);padding-right:var(--global-kb-spacing-sm, 1.5rem);padding-bottom:var(--global-kb-spacing-sm, 1.5rem);padding-left:var(--global-kb-spacing-sm, 1.5rem);}.kt-accordion-id49_1dd932-55 .wp-block-kadence-pane .kt-accordion-header-wrap .kt-blocks-accordion-header{border-top:0px solid #f2f2f2;border-right:0px solid #f2f2f2;border-bottom:0px solid #f2f2f2;border-left:0px solid #f2f2f2;border-top-left-radius:0px;border-top-right-radius:0px;border-bottom-right-radius:0px;border-bottom-left-radius:0px;background:#f2f2f2;color:#555555;padding-top:10px;padding-right:14px;padding-bottom:10px;padding-left:14px;}.kt-accordion-id49_1dd932-55:not( .kt-accodion-icon-style-basiccircle ):not( .kt-accodion-icon-style-xclosecircle ):not( .kt-accodion-icon-style-arrowcircle ) .kt-blocks-accordion-icon-trigger:after, .kt-accordion-id49_1dd932-55:not( .kt-accodion-icon-style-basiccircle ):not( .kt-accodion-icon-style-xclosecircle ):not( .kt-accodion-icon-style-arrowcircle ) .kt-blocks-accordion-icon-trigger:before{background:#555555;}.kt-accordion-id49_1dd932-55:not( .kt-accodion-icon-style-basic ):not( .kt-accodion-icon-style-xclose ):not( .kt-accodion-icon-style-arrow ) .kt-blocks-accordion-icon-trigger{background:#555555;}.kt-accordion-id49_1dd932-55:not( .kt-accodion-icon-style-basic ):not( .kt-accodion-icon-style-xclose ):not( .kt-accodion-icon-style-arrow ) .kt-blocks-accordion-icon-trigger:after, .kt-accordion-id49_1dd932-55:not( .kt-accodion-icon-style-basic ):not( .kt-accodion-icon-style-xclose ):not( .kt-accodion-icon-style-arrow ) .kt-blocks-accordion-icon-trigger:before{background:#f2f2f2;}.kt-accordion-id49_1dd932-55 .kt-accordion-header-wrap .kt-blocks-accordion-header:hover, body:not(.hide-focus-outline) .kt-accordion-id49_1dd932-55 .kt-accordion-header-wrap .kt-blocks-accordion-header:focus-visible{color:#444444;background:#eeeeee;border-top-color:#eeeeee;border-top-style:solid;border-right-color:#eeeeee;border-right-style:solid;border-bottom-color:#eeeeee;border-bottom-style:solid;border-left-color:#eeeeee;border-left-style:solid;}.kt-accordion-id49_1dd932-55:not( .kt-accodion-icon-style-basiccircle ):not( .kt-accodion-icon-style-xclosecircle ):not( .kt-accodion-icon-style-arrowcircle ) .kt-blocks-accordion-header:hover .kt-blocks-accordion-icon-trigger:after, .kt-accordion-id49_1dd932-55:not( .kt-accodion-icon-style-basiccircle ):not( .kt-accodion-icon-style-xclosecircle ):not( .kt-accodion-icon-style-arrowcircle ) .kt-blocks-accordion-header:hover .kt-blocks-accordion-icon-trigger:before, body:not(.hide-focus-outline) .kt-accordion-id49_1dd932-55:not( .kt-accodion-icon-style-basiccircle ):not( .kt-accodion-icon-style-xclosecircle ):not( .kt-accodion-icon-style-arrowcircle ) .kt-blocks-accordion--visible .kt-blocks-accordion-icon-trigger:after, body:not(.hide-focus-outline) .kt-accordion-id49_1dd932-55:not( .kt-accodion-icon-style-basiccircle ):not( .kt-accodion-icon-style-xclosecircle ):not( .kt-accodion-icon-style-arrowcircle ) .kt-blocks-accordion-header:focus-visible .kt-blocks-accordion-icon-trigger:before{background:#444444;}.kt-accordion-id49_1dd932-55:not( .kt-accodion-icon-style-basic ):not( .kt-accodion-icon-style-xclose ):not( .kt-accodion-icon-style-arrow ) .kt-blocks-accordion-header:hover .kt-blocks-accordion-icon-trigger, body:not(.hide-focus-outline) .kt-accordion-id49_1dd932-55:not( .kt-accodion-icon-style-basic ):not( .kt-accodion-icon-style-xclose ):not( .kt-accodion-icon-style-arrow ) .kt-blocks-accordion-header:focus-visible .kt-blocks-accordion-icon-trigger{background:#444444;}.kt-accordion-id49_1dd932-55:not( .kt-accodion-icon-style-basic ):not( .kt-accodion-icon-style-xclose ):not( .kt-accodion-icon-style-arrow ) .kt-blocks-accordion-header:hover .kt-blocks-accordion-icon-trigger:after, .kt-accordion-id49_1dd932-55:not( .kt-accodion-icon-style-basic ):not( .kt-accodion-icon-style-xclose ):not( .kt-accodion-icon-style-arrow ) .kt-blocks-accordion-header:hover .kt-blocks-accordion-icon-trigger:before, body:not(.hide-focus-outline) .kt-accordion-id49_1dd932-55:not( .kt-accodion-icon-style-basic ):not( .kt-accodion-icon-style-xclose ):not( .kt-accodion-icon-style-arrow ) .kt-blocks-accordion-header:focus-visible .kt-blocks-accordion-icon-trigger:after, body:not(.hide-focus-outline) .kt-accordion-id49_1dd932-55:not( .kt-accodion-icon-style-basic ):not( .kt-accodion-icon-style-xclose ):not( .kt-accodion-icon-style-arrow ) .kt-blocks-accordion-header:focus-visible .kt-blocks-accordion-icon-trigger:before{background:#eeeeee;}.kt-accordion-id49_1dd932-55 .kt-accordion-header-wrap .kt-blocks-accordion-header:focus-visible, .kt-accordion-id49_1dd932-55 .kt-accordion-header-wrap .kt-blocks-accordion-header.kt-accordion-panel-active{color:#ffffff;background:#444444;border-top-color:#444444;border-top-style:solid;border-right-color:#444444;border-right-style:solid;border-bottom-color:#444444;border-bottom-style:solid;border-left-color:#444444;border-left-style:solid;}.kt-accordion-id49_1dd932-55:not( .kt-accodion-icon-style-basiccircle ):not( .kt-accodion-icon-style-xclosecircle ):not( .kt-accodion-icon-style-arrowcircle ) .kt-blocks-accordion-header.kt-accordion-panel-active .kt-blocks-accordion-icon-trigger:after, .kt-accordion-id49_1dd932-55:not( .kt-accodion-icon-style-basiccircle ):not( .kt-accodion-icon-style-xclosecircle ):not( .kt-accodion-icon-style-arrowcircle ) .kt-blocks-accordion-header.kt-accordion-panel-active .kt-blocks-accordion-icon-trigger:before{background:#ffffff;}.kt-accordion-id49_1dd932-55:not( .kt-accodion-icon-style-basic ):not( .kt-accodion-icon-style-xclose ):not( .kt-accodion-icon-style-arrow ) .kt-blocks-accordion-header.kt-accordion-panel-active .kt-blocks-accordion-icon-trigger{background:#ffffff;}.kt-accordion-id49_1dd932-55:not( .kt-accodion-icon-style-basic ):not( .kt-accodion-icon-style-xclose ):not( .kt-accodion-icon-style-arrow ) .kt-blocks-accordion-header.kt-accordion-panel-active .kt-blocks-accordion-icon-trigger:after, .kt-accordion-id49_1dd932-55:not( .kt-accodion-icon-style-basic ):not( .kt-accodion-icon-style-xclose ):not( .kt-accodion-icon-style-arrow ) .kt-blocks-accordion-header.kt-accordion-panel-active .kt-blocks-accordion-icon-trigger:before{background:#444444;}@media all and (max-width: 1024px){.kt-accordion-id49_1dd932-55 .kt-accordion-panel-inner{border-top:0px solid transparent;border-right:0px solid transparent;border-bottom:0px solid transparent;border-left:0px solid transparent;}}@media all and (max-width: 1024px){.kt-accordion-id49_1dd932-55 .wp-block-kadence-pane .kt-accordion-header-wrap .kt-blocks-accordion-header{border-top:0px solid #f2f2f2;border-right:0px solid #f2f2f2;border-bottom:0px solid #f2f2f2;border-left:0px solid #f2f2f2;}}@media all and (max-width: 1024px){.kt-accordion-id49_1dd932-55 .kt-accordion-header-wrap .kt-blocks-accordion-header:hover, body:not(.hide-focus-outline) .kt-accordion-id49_1dd932-55 .kt-accordion-header-wrap .kt-blocks-accordion-header:focus-visible{border-top-color:#eeeeee;border-top-style:solid;border-right-color:#eeeeee;border-right-style:solid;border-bottom-color:#eeeeee;border-bottom-style:solid;border-left-color:#eeeeee;border-left-style:solid;}}@media all and (max-width: 1024px){.kt-accordion-id49_1dd932-55 .kt-accordion-header-wrap .kt-blocks-accordion-header:focus-visible, .kt-accordion-id49_1dd932-55 .kt-accordion-header-wrap .kt-blocks-accordion-header.kt-accordion-panel-active{border-top-color:#444444;border-top-style:solid;border-right-color:#444444;border-right-style:solid;border-bottom-color:#444444;border-bottom-style:solid;border-left-color:#444444;border-left-style:solid;}}@media all and (max-width: 767px){.kt-accordion-id49_1dd932-55 .kt-accordion-inner-wrap{display:block;}.kt-accordion-id49_1dd932-55 .kt-accordion-inner-wrap .kt-accordion-pane:not(:first-child){margin-top:0px;}.kt-accordion-id49_1dd932-55 .kt-accordion-panel-inner{border-top:0px solid transparent;border-right:0px solid transparent;border-bottom:0px solid transparent;border-left:0px solid transparent;}.kt-accordion-id49_1dd932-55 .wp-block-kadence-pane .kt-accordion-header-wrap .kt-blocks-accordion-header{border-top:0px solid #f2f2f2;border-right:0px solid #f2f2f2;border-bottom:0px solid #f2f2f2;border-left:0px solid #f2f2f2;}.kt-accordion-id49_1dd932-55 .kt-accordion-header-wrap .kt-blocks-accordion-header:hover, body:not(.hide-focus-outline) .kt-accordion-id49_1dd932-55 .kt-accordion-header-wrap .kt-blocks-accordion-header:focus-visible{border-top-color:#eeeeee;border-top-style:solid;border-right-color:#eeeeee;border-right-style:solid;border-bottom-color:#eeeeee;border-bottom-style:solid;border-left-color:#eeeeee;border-left-style:solid;}.kt-accordion-id49_1dd932-55 .kt-accordion-header-wrap .kt-blocks-accordion-header:focus-visible, .kt-accordion-id49_1dd932-55 .kt-accordion-header-wrap .kt-blocks-accordion-header.kt-accordion-panel-active{border-top-color:#444444;border-top-style:solid;border-right-color:#444444;border-right-style:solid;border-bottom-color:#444444;border-bottom-style:solid;border-left-color:#444444;border-left-style:solid;}}<\/style>\n<div class=\"wp-block-kadence-accordion alignnone\"><div class=\"kt-accordion-wrap kt-accordion-id49_1dd932-55 kt-accordion-has-8-panes kt-active-pane-0 kt-accordion-block kt-pane-header-alignment-left kt-accodion-icon-style-basic kt-accodion-icon-side-right\" style=\"max-width:none\"><div class=\"kt-accordion-inner-wrap\" data-allow-multiple-open=\"false\" data-start-open=\"none\">\n<div class=\"wp-block-kadence-pane kt-accordion-pane kt-accordion-pane-1 kt-pane49_e5a4fc-45\"><div class=\"kt-accordion-header-wrap\"><button class=\"kt-blocks-accordion-header kt-acccordion-button-label-show\" type=\"button\"><span class=\"kt-blocks-accordion-title-wrap\"><span class=\"kt-blocks-accordion-title\">Frais d&rsquo;inscription<\/span><\/span><span class=\"kt-blocks-accordion-icon-trigger\"><\/span><\/button><\/div><div class=\"kt-accordion-panel kt-accordion-panel-hidden\"><div class=\"kt-accordion-panel-inner\">\n<p>01.11. 01.11. &#8211; 31.12.2025 CHF 205.00<br\/>01.01. &#8211; 31.05.2026 CHF 245.00<br\/>01.06. &#8211; 05.06.2026 CHF 265.00  <\/p>\n<\/div><\/div><\/div>\n\n\n\n<div class=\"wp-block-kadence-pane kt-accordion-pane kt-accordion-pane-2 kt-pane49_582519-ad\"><div class=\"kt-accordion-header-wrap\"><button class=\"kt-blocks-accordion-header kt-acccordion-button-label-show\" type=\"button\"><span class=\"kt-blocks-accordion-title-wrap\"><span class=\"kt-blocks-accordion-title\">Heure de d\u00e9part<\/span><\/span><span class=\"kt-blocks-accordion-icon-trigger\"><\/span><\/button><\/div><div class=\"kt-accordion-panel kt-accordion-panel-hidden\"><div class=\"kt-accordion-panel-inner\">\n<p>Le relais \u00e0 2 commence le vendredi 5 juin \u00e0 22h30.<\/p>\n<\/div><\/div><\/div>\n\n\n\n<div class=\"wp-block-kadence-pane kt-accordion-pane kt-accordion-pane-3 kt-pane49_e6753a-24\"><div class=\"kt-accordion-header-wrap\"><button class=\"kt-blocks-accordion-header kt-acccordion-button-label-show\" type=\"button\"><span class=\"kt-blocks-accordion-title-wrap\"><span class=\"kt-blocks-accordion-title\">Parcours partiels et zone de transition<\/span><\/span><span class=\"kt-blocks-accordion-icon-trigger\"><\/span><\/button><\/div><div class=\"kt-accordion-panel kt-accordion-panel-hidden\"><div class=\"kt-accordion-panel-inner\">\n<p>Tron\u00e7ons : Bienne &#8211; Kirchberg (58.3 Km)<br\/> Kirchberg &#8211; Bienne (41.7 Km)<\/p>\n\n\n\n<p>La zone de transition se trouve \u00e0 Kirchberg. Les coureurs doivent se pr\u00e9senter \u00e0 la zone de transition avant de passer le relais, afin que les passages puissent \u00eatre contr\u00f4l\u00e9s. <\/p>\n<\/div><\/div><\/div>\n\n\n\n<div class=\"wp-block-kadence-pane kt-accordion-pane kt-accordion-pane-4 kt-pane49_38a7b5-f2\"><div class=\"kt-accordion-header-wrap\"><button class=\"kt-blocks-accordion-header kt-acccordion-button-label-show\" type=\"button\"><span class=\"kt-blocks-accordion-title-wrap\"><span class=\"kt-blocks-accordion-title\">T-shirt<\/span><\/span><span class=\"kt-blocks-accordion-icon-trigger\"><\/span><\/button><\/div><div class=\"kt-accordion-panel kt-accordion-panel-hidden\"><div class=\"kt-accordion-panel-inner\">\n<p>Le t-shirt est inclus dans les frais d&rsquo;inscription. Le T-shirt peut \u00eatre retir\u00e9 avant ou apr\u00e8s la course au stand de distribution des T-shirts sur la Place Publique.<\/p>\n<\/div><\/div><\/div>\n\n\n\n<div class=\"wp-block-kadence-pane kt-accordion-pane kt-accordion-pane-5 kt-pane49_ae04a4-99\"><div class=\"kt-accordion-header-wrap\"><button class=\"kt-blocks-accordion-header kt-acccordion-button-label-show\" type=\"button\"><span class=\"kt-blocks-accordion-title-wrap\"><span class=\"kt-blocks-accordion-title\">M\u00e9daille<\/span><\/span><span class=\"kt-blocks-accordion-icon-trigger\"><\/span><\/button><\/div><div class=\"kt-accordion-panel kt-accordion-panel-hidden\"><div class=\"kt-accordion-panel-inner\">\n<p>La m\u00e9daille peut \u00eatre r\u00e9serv\u00e9e en plus lors de l&rsquo;inscription pour CHF 10.00 par personne. Les m\u00e9dailles peuvent \u00eatre retir\u00e9es apr\u00e8s l&rsquo;arriv\u00e9e dans la zone d&rsquo;arriv\u00e9e \u00e0 Bienne. <\/p>\n<\/div><\/div><\/div>\n\n\n\n<div class=\"wp-block-kadence-pane kt-accordion-pane kt-accordion-pane-6 kt-pane49_458fdd-6a\"><div class=\"kt-accordion-header-wrap\"><button class=\"kt-blocks-accordion-header kt-acccordion-button-label-show\" type=\"button\"><span class=\"kt-blocks-accordion-title-wrap\"><span class=\"kt-blocks-accordion-title\">Transports<\/span><\/span><span class=\"kt-blocks-accordion-icon-trigger\"><\/span><\/button><\/div><div class=\"kt-accordion-panel kt-accordion-panel-hidden\"><div class=\"kt-accordion-panel-inner\">\n<p>Les coureurs doivent en principe s&rsquo;organiser eux-m\u00eames. Les transports depuis et vers les zones de transition ne sont pas propos\u00e9s. <\/p>\n<\/div><\/div><\/div>\n\n\n\n<div class=\"wp-block-kadence-pane kt-accordion-pane kt-accordion-pane-7 kt-pane49_db3773-0c\"><div class=\"kt-accordion-header-wrap\"><button class=\"kt-blocks-accordion-header kt-acccordion-button-label-show\" type=\"button\"><span class=\"kt-blocks-accordion-title-wrap\"><span class=\"kt-blocks-accordion-title\">Cat\u00e9gories<\/span><\/span><span class=\"kt-blocks-accordion-icon-trigger\"><\/span><\/button><\/div><div class=\"kt-accordion-panel kt-accordion-panel-hidden\"><div class=\"kt-accordion-panel-inner\">\n<p>Les cat\u00e9gories suivantes sont propos\u00e9es :<\/p>\n\n\n\n<ul class=\"wp-block-list\">\n<li>Mixte (1 femme et 1 homme)<\/li>\n\n\n\n<li>Hommes<\/li>\n\n\n\n<li>Femmes<\/li>\n<\/ul>\n<\/div><\/div><\/div>\n\n\n\n<div class=\"wp-block-kadence-pane kt-accordion-pane kt-accordion-pane-8 kt-pane49_487849-f7\"><div class=\"kt-accordion-header-wrap\"><button class=\"kt-blocks-accordion-header kt-acccordion-button-label-show\" type=\"button\"><span class=\"kt-blocks-accordion-title-wrap\"><span class=\"kt-blocks-accordion-title\">Parcours &#8211; fichier GPX<\/span><\/span><span class=\"kt-blocks-accordion-icon-trigger\"><\/span><\/button><\/div><div class=\"kt-accordion-panel kt-accordion-panel-hidden\"><div class=\"kt-accordion-panel-inner\">\n<a class=\"gb-button gb-button-df2740ef gb-button-text\" href=\"https:\/\/100km.ch\/wp-content\/uploads\/blt2023100km.gpx\" target=\"_blank\" rel=\"noopener noreferrer\">Fichier GPX<\/a>\n\n\n\n<p>L&rsquo;itin\u00e9raire est susceptible d&rsquo;\u00eatre modifi\u00e9. En raison de travaux et de restrictions de circulation, des modifications d&rsquo;itin\u00e9raires peuvent intervenir.<\/p>\n<\/div><\/div><\/div>\n<\/div><\/div><\/div>\n\n\n\n\n\n<figure class=\"gb-block-image gb-block-image-971ba9d3\"><img loading=\"lazy\" decoding=\"async\" width=\"1274\" height=\"917\" class=\"gb-image gb-image-971ba9d3\" src=\"https:\/\/100km.ch\/wp-content\/uploads\/biel-100km-1.jpg\" alt=\"\" title=\"biel-100km\" srcset=\"https:\/\/100km.ch\/wp-content\/uploads\/biel-100km-1.jpg 1274w, https:\/\/100km.ch\/wp-content\/uploads\/biel-100km-1-300x216.jpg 300w, https:\/\/100km.ch\/wp-content\/uploads\/biel-100km-1-1024x737.jpg 1024w, https:\/\/100km.ch\/wp-content\/uploads\/biel-100km-1-768x553.jpg 768w\" sizes=\"auto, (max-width: 1274px) 100vw, 1274px\" \/><\/figure>\n\n\n\n<figure class=\"gb-block-image gb-block-image-c4ca685f\"><img loading=\"lazy\" decoding=\"async\" width=\"950\" height=\"354\" class=\"gb-image gb-image-c4ca685f\" src=\"https:\/\/100km.ch\/wp-content\/uploads\/biel-profile-9.gif\" alt=\"\" title=\"biel-profile-9\"><\/figure>\n\n\n\n<p class=\"has--font-size\"><\/p>\n\n\n<style>.kb-gallery-id-49_ba5c7e-61.kb-gallery-ul.kb-gallery-type-fluidcarousel .kt-blocks-carousel figure .kb-gal-image-radius, .kb-gallery-id-49_ba5c7e-61.kb-gallery-ul.kb-gallery-type-fluidcarousel .kt-blocks-carousel figure .kb-gal-image-radius img{height:300px;}.kb-gallery-id-49_ba5c7e-61 .kadence-blocks-gallery-item .kb-gal-image-radius, .kb-gallery-id-49_ba5c7e-61 .kb-slide-item .kb-gal-image-radius img{border-radius:0px 0px 0px 0px;;}<\/style><div class=\"kb-gallery-wrap-id-49_ba5c7e-61 alignnone wp-block-kadence-advancedgallery\"><div class=\"kb-gallery-ul kb-gallery-non-static kb-gallery-type-fluidcarousel kb-gallery-id-49_ba5c7e-61 kb-gallery-caption-style-bottom-hover kb-gallery-filter-none\" data-image-filter=\"none\" data-lightbox-caption=\"true\"><div class=\"kt-blocks-carousel kt-carousel-container-dotstyle-dark\"><div class=\"kt-blocks-carousel-init kb-blocks-fluid-carousel kt-carousel-arrowstyle-whiteondark kt-carousel-dotstyle-dark\" data-slider-anim-speed=\"400\" data-slider-scroll=\"1\" data-slider-arrows=\"true\" data-slider-dots=\"true\" data-slider-hover-pause=\"false\" data-slider-auto=\"\" data-slider-speed=\"7000\" data-slider-type=\"fluidcarousel\" data-slider-center-mode=\"true\" data-slider-gap=\"10px\" data-slider-gap-tablet=\"10px\" data-slider-gap-mobile=\"10px\"><div class=\"kb-slide-item kb-gallery-carousel-item\"><div class=\"kadence-blocks-gallery-item\"><div class=\"kadence-blocks-gallery-item-inner\"><figure class=\"kb-gallery-figure kadence-blocks-gallery-item-hide-caption\" \"><div class=\"kb-gal-image-radius\"><div class=\"kb-gallery-image-contain\" ><img loading=\"lazy\" decoding=\"async\" src=\"https:\/\/100km.ch\/wp-content\/uploads\/Paare4-1024x683.jpg\" width=\"1024\" height=\"683\" alt=\"\" data-full-image=\"https:\/\/100km.ch\/wp-content\/uploads\/Paare4-scaled.jpg\" data-light-image=\"https:\/\/100km.ch\/wp-content\/uploads\/Paare4-scaled.jpg\" data-id=\"961\" class=\"wp-image-961 skip-lazy\" srcset=\"https:\/\/100km.ch\/wp-content\/uploads\/Paare4-1024x683.jpg 1024w, https:\/\/100km.ch\/wp-content\/uploads\/Paare4-300x200.jpg 300w, https:\/\/100km.ch\/wp-content\/uploads\/Paare4-768x512.jpg 768w, https:\/\/100km.ch\/wp-content\/uploads\/Paare4-1536x1024.jpg 1536w, https:\/\/100km.ch\/wp-content\/uploads\/Paare4-2048x1365.jpg 2048w\" sizes=\"auto, (max-width: 1024px) 100vw, 1024px\" \/><\/div><\/div><\/figure><\/div><\/div><\/div><div class=\"kb-slide-item kb-gallery-carousel-item\"><div class=\"kadence-blocks-gallery-item\"><div class=\"kadence-blocks-gallery-item-inner\"><figure class=\"kb-gallery-figure kadence-blocks-gallery-item-hide-caption\" \"><div class=\"kb-gal-image-radius\"><div class=\"kb-gallery-image-contain\" ><img loading=\"lazy\" decoding=\"async\" src=\"https:\/\/100km.ch\/wp-content\/uploads\/Paare3-683x1024.jpg\" width=\"683\" height=\"1024\" alt=\"\" data-full-image=\"https:\/\/100km.ch\/wp-content\/uploads\/Paare3-scaled.jpg\" data-light-image=\"https:\/\/100km.ch\/wp-content\/uploads\/Paare3-scaled.jpg\" data-id=\"960\" class=\"wp-image-960 skip-lazy\" srcset=\"https:\/\/100km.ch\/wp-content\/uploads\/Paare3-683x1024.jpg 683w, https:\/\/100km.ch\/wp-content\/uploads\/Paare3-200x300.jpg 200w, https:\/\/100km.ch\/wp-content\/uploads\/Paare3-768x1152.jpg 768w, https:\/\/100km.ch\/wp-content\/uploads\/Paare3-1024x1536.jpg 1024w, https:\/\/100km.ch\/wp-content\/uploads\/Paare3-1365x2048.jpg 1365w, https:\/\/100km.ch\/wp-content\/uploads\/Paare3-scaled.jpg 1706w\" sizes=\"auto, (max-width: 683px) 100vw, 683px\" \/><\/div><\/div><\/figure><\/div><\/div><\/div><div class=\"kb-slide-item kb-gallery-carousel-item\"><div class=\"kadence-blocks-gallery-item\"><div class=\"kadence-blocks-gallery-item-inner\"><figure class=\"kb-gallery-figure kadence-blocks-gallery-item-hide-caption\" \"><div class=\"kb-gal-image-radius\"><div class=\"kb-gallery-image-contain\" ><img loading=\"lazy\" decoding=\"async\" src=\"https:\/\/100km.ch\/wp-content\/uploads\/Paare2-1024x683.jpg\" width=\"1024\" height=\"683\" alt=\"\" data-full-image=\"https:\/\/100km.ch\/wp-content\/uploads\/Paare2-scaled.jpg\" data-light-image=\"https:\/\/100km.ch\/wp-content\/uploads\/Paare2-scaled.jpg\" data-id=\"959\" class=\"wp-image-959 skip-lazy\" srcset=\"https:\/\/100km.ch\/wp-content\/uploads\/Paare2-1024x683.jpg 1024w, https:\/\/100km.ch\/wp-content\/uploads\/Paare2-300x200.jpg 300w, https:\/\/100km.ch\/wp-content\/uploads\/Paare2-768x512.jpg 768w, https:\/\/100km.ch\/wp-content\/uploads\/Paare2-1536x1024.jpg 1536w, https:\/\/100km.ch\/wp-content\/uploads\/Paare2-2048x1365.jpg 2048w\" sizes=\"auto, (max-width: 1024px) 100vw, 1024px\" \/><\/div><\/div><\/figure><\/div><\/div><\/div><\/div><\/div><\/div><\/div>\n<\/div><\/div>","protected":false},"excerpt":{"rendered":"<p>Relais \u00e0 2 Individuellement, vous \u00eates bons, ensemble, vous \u00eates imbattables ! Partagez les 100 km avec votre partenaire, votre ami, votre coll\u00e8gue de travail ou votre copain de course et vivez cette aventure particuli\u00e8re ensemble. Relevez le d\u00e9fi et prenez le d\u00e9part en \u00e9quipe pour participer \u00e0 la \u00ab\u00a0Nuit des nuits\u00a0\u00bb.<\/p>\n","protected":false},"author":1,"featured_media":10285,"parent":0,"menu_order":40,"comment_status":"closed","ping_status":"closed","template":"","meta":{"_acf_changed":false,"_eb_attr":"","_kad_blocks_custom_css":"","_kad_blocks_head_custom_js":"","_kad_blocks_body_custom_js":"","_kad_blocks_footer_custom_js":"","_kad_post_transparent":"","_kad_post_title":"","_kad_post_layout":"","_kad_post_sidebar_id":"","_kad_post_content_style":"","_kad_post_vertical_padding":"","_kad_post_feature":"","_kad_post_feature_position":"","_kad_post_header":false,"_kad_post_footer":false,"_kad_post_classname":"","footnotes":""},"categories":[42],"class_list":["post-3706","page","type-page","status-publish","has-post-thumbnail","hentry","category-format-de-course"],"acf":[],"taxonomy_info":{"category":[{"value":42,"label":"Format de course"}]},"featured_image_src_large":["https:\/\/100km.ch\/wp-content\/uploads\/print_alphafoto_YLF_0060-5-1024x683.jpg",1024,683,true],"author_info":{"display_name":"marcelheiniger","author_link":"https:\/\/100km.ch\/fr\/author\/marcelheiniger\/"},"comment_info":0,"_links":{"self":[{"href":"https:\/\/100km.ch\/fr\/wp-json\/wp\/v2\/pages\/3706","targetHints":{"allow":["GET"]}}],"collection":[{"href":"https:\/\/100km.ch\/fr\/wp-json\/wp\/v2\/pages"}],"about":[{"href":"https:\/\/100km.ch\/fr\/wp-json\/wp\/v2\/types\/page"}],"author":[{"embeddable":true,"href":"https:\/\/100km.ch\/fr\/wp-json\/wp\/v2\/users\/1"}],"replies":[{"embeddable":true,"href":"https:\/\/100km.ch\/fr\/wp-json\/wp\/v2\/comments?post=3706"}],"version-history":[{"count":24,"href":"https:\/\/100km.ch\/fr\/wp-json\/wp\/v2\/pages\/3706\/revisions"}],"predecessor-version":[{"id":10513,"href":"https:\/\/100km.ch\/fr\/wp-json\/wp\/v2\/pages\/3706\/revisions\/10513"}],"wp:featuredmedia":[{"embeddable":true,"href":"https:\/\/100km.ch\/fr\/wp-json\/wp\/v2\/media\/10285"}],"wp:attachment":[{"href":"https:\/\/100km.ch\/fr\/wp-json\/wp\/v2\/media?parent=3706"}],"wp:term":[{"taxonomy":"category","embeddable":true,"href":"https:\/\/100km.ch\/fr\/wp-json\/wp\/v2\/categories?post=3706"}],"curies":[{"name":"wp","href":"https:\/\/api.w.org\/{rel}","templated":true}]}}