{"id":3712,"date":"2022-09-28T23:24:24","date_gmt":"2022-09-28T22:24:24","guid":{"rendered":"https:\/\/100.webdev4u.info\/semi-marathon-21-1-km\/"},"modified":"2026-05-01T12:49:33","modified_gmt":"2026-05-01T11:49:33","slug":"semi-marathon-21-1-km","status":"publish","type":"page","link":"https:\/\/100km.ch\/fr\/semi-marathon-21-1-km\/","title":{"rendered":"Semi-marathon"},"content":{"rendered":"\n<h3 class=\"wp-block-heading\">Semi-marathon (21,1 km)<\/h3>\n\n<p><br\/>Un semi-marathon est le d\u00e9fi parfait pour tester vos limites et vous d\u00e9passer ! L&rsquo;\u00e9nergie de la foule, l&rsquo;adr\u00e9naline sur le parcours et la sensation indescriptible lorsque vous franchissez la ligne d&rsquo;arriv\u00e9e font que chaque pas en vaut la peine.  <\/p>\n<style>.kt-accordion-id50_b20308-46 .kt-accordion-inner-wrap{column-gap:var(--global-kb-gap-md, 2rem);row-gap:0px;}.kt-accordion-id50_b20308-46 .kt-accordion-panel-inner{border-top:0px solid transparent;border-right:0px solid transparent;border-bottom:0px solid transparent;border-left:0px solid transparent;padding-top:var(--global-kb-spacing-sm, 1.5rem);padding-right:var(--global-kb-spacing-sm, 1.5rem);padding-bottom:var(--global-kb-spacing-sm, 1.5rem);padding-left:var(--global-kb-spacing-sm, 1.5rem);}.kt-accordion-id50_b20308-46 .wp-block-kadence-pane .kt-accordion-header-wrap .kt-blocks-accordion-header{border-top:0px solid #f2f2f2;border-right:0px solid #f2f2f2;border-bottom:0px solid #f2f2f2;border-left:0px solid #f2f2f2;border-top-left-radius:0px;border-top-right-radius:0px;border-bottom-right-radius:0px;border-bottom-left-radius:0px;background:#f2f2f2;color:#555555;padding-top:10px;padding-right:14px;padding-bottom:10px;padding-left:14px;}.kt-accordion-id50_b20308-46:not( .kt-accodion-icon-style-basiccircle ):not( .kt-accodion-icon-style-xclosecircle ):not( .kt-accodion-icon-style-arrowcircle ) .kt-blocks-accordion-icon-trigger:after, .kt-accordion-id50_b20308-46:not( .kt-accodion-icon-style-basiccircle ):not( .kt-accodion-icon-style-xclosecircle ):not( .kt-accodion-icon-style-arrowcircle ) .kt-blocks-accordion-icon-trigger:before{background:#555555;}.kt-accordion-id50_b20308-46:not( .kt-accodion-icon-style-basic ):not( .kt-accodion-icon-style-xclose ):not( .kt-accodion-icon-style-arrow ) .kt-blocks-accordion-icon-trigger{background:#555555;}.kt-accordion-id50_b20308-46:not( .kt-accodion-icon-style-basic ):not( .kt-accodion-icon-style-xclose ):not( .kt-accodion-icon-style-arrow ) .kt-blocks-accordion-icon-trigger:after, .kt-accordion-id50_b20308-46:not( .kt-accodion-icon-style-basic ):not( .kt-accodion-icon-style-xclose ):not( .kt-accodion-icon-style-arrow ) .kt-blocks-accordion-icon-trigger:before{background:#f2f2f2;}.kt-accordion-id50_b20308-46 .kt-accordion-header-wrap .kt-blocks-accordion-header:hover, body:not(.hide-focus-outline) .kt-accordion-id50_b20308-46 .kt-accordion-header-wrap .kt-blocks-accordion-header:focus-visible{color:#444444;background:#eeeeee;border-top-color:#eeeeee;border-top-style:solid;border-right-color:#eeeeee;border-right-style:solid;border-bottom-color:#eeeeee;border-bottom-style:solid;border-left-color:#eeeeee;border-left-style:solid;}.kt-accordion-id50_b20308-46:not( .kt-accodion-icon-style-basiccircle ):not( .kt-accodion-icon-style-xclosecircle ):not( .kt-accodion-icon-style-arrowcircle ) .kt-blocks-accordion-header:hover .kt-blocks-accordion-icon-trigger:after, .kt-accordion-id50_b20308-46:not( .kt-accodion-icon-style-basiccircle ):not( .kt-accodion-icon-style-xclosecircle ):not( .kt-accodion-icon-style-arrowcircle ) .kt-blocks-accordion-header:hover .kt-blocks-accordion-icon-trigger:before, body:not(.hide-focus-outline) .kt-accordion-id50_b20308-46:not( .kt-accodion-icon-style-basiccircle ):not( .kt-accodion-icon-style-xclosecircle ):not( .kt-accodion-icon-style-arrowcircle ) .kt-blocks-accordion--visible .kt-blocks-accordion-icon-trigger:after, body:not(.hide-focus-outline) .kt-accordion-id50_b20308-46:not( .kt-accodion-icon-style-basiccircle ):not( .kt-accodion-icon-style-xclosecircle ):not( .kt-accodion-icon-style-arrowcircle ) .kt-blocks-accordion-header:focus-visible .kt-blocks-accordion-icon-trigger:before{background:#444444;}.kt-accordion-id50_b20308-46:not( .kt-accodion-icon-style-basic ):not( .kt-accodion-icon-style-xclose ):not( .kt-accodion-icon-style-arrow ) .kt-blocks-accordion-header:hover .kt-blocks-accordion-icon-trigger, body:not(.hide-focus-outline) .kt-accordion-id50_b20308-46:not( .kt-accodion-icon-style-basic ):not( .kt-accodion-icon-style-xclose ):not( .kt-accodion-icon-style-arrow ) .kt-blocks-accordion-header:focus-visible .kt-blocks-accordion-icon-trigger{background:#444444;}.kt-accordion-id50_b20308-46:not( .kt-accodion-icon-style-basic ):not( .kt-accodion-icon-style-xclose ):not( .kt-accodion-icon-style-arrow ) .kt-blocks-accordion-header:hover .kt-blocks-accordion-icon-trigger:after, .kt-accordion-id50_b20308-46:not( .kt-accodion-icon-style-basic ):not( .kt-accodion-icon-style-xclose ):not( .kt-accodion-icon-style-arrow ) .kt-blocks-accordion-header:hover .kt-blocks-accordion-icon-trigger:before, body:not(.hide-focus-outline) .kt-accordion-id50_b20308-46:not( .kt-accodion-icon-style-basic ):not( .kt-accodion-icon-style-xclose ):not( .kt-accodion-icon-style-arrow ) .kt-blocks-accordion-header:focus-visible .kt-blocks-accordion-icon-trigger:after, body:not(.hide-focus-outline) .kt-accordion-id50_b20308-46:not( .kt-accodion-icon-style-basic ):not( .kt-accodion-icon-style-xclose ):not( .kt-accodion-icon-style-arrow ) .kt-blocks-accordion-header:focus-visible .kt-blocks-accordion-icon-trigger:before{background:#eeeeee;}.kt-accordion-id50_b20308-46 .kt-accordion-header-wrap .kt-blocks-accordion-header:focus-visible, .kt-accordion-id50_b20308-46 .kt-accordion-header-wrap .kt-blocks-accordion-header.kt-accordion-panel-active{color:#ffffff;background:#444444;border-top-color:#444444;border-top-style:solid;border-right-color:#444444;border-right-style:solid;border-bottom-color:#444444;border-bottom-style:solid;border-left-color:#444444;border-left-style:solid;}.kt-accordion-id50_b20308-46:not( .kt-accodion-icon-style-basiccircle ):not( .kt-accodion-icon-style-xclosecircle ):not( .kt-accodion-icon-style-arrowcircle ) .kt-blocks-accordion-header.kt-accordion-panel-active .kt-blocks-accordion-icon-trigger:after, .kt-accordion-id50_b20308-46:not( .kt-accodion-icon-style-basiccircle ):not( .kt-accodion-icon-style-xclosecircle ):not( .kt-accodion-icon-style-arrowcircle ) .kt-blocks-accordion-header.kt-accordion-panel-active .kt-blocks-accordion-icon-trigger:before{background:#ffffff;}.kt-accordion-id50_b20308-46:not( .kt-accodion-icon-style-basic ):not( .kt-accodion-icon-style-xclose ):not( .kt-accodion-icon-style-arrow ) .kt-blocks-accordion-header.kt-accordion-panel-active .kt-blocks-accordion-icon-trigger{background:#ffffff;}.kt-accordion-id50_b20308-46:not( .kt-accodion-icon-style-basic ):not( .kt-accodion-icon-style-xclose ):not( .kt-accodion-icon-style-arrow ) .kt-blocks-accordion-header.kt-accordion-panel-active .kt-blocks-accordion-icon-trigger:after, .kt-accordion-id50_b20308-46:not( .kt-accodion-icon-style-basic ):not( .kt-accodion-icon-style-xclose ):not( .kt-accodion-icon-style-arrow ) .kt-blocks-accordion-header.kt-accordion-panel-active .kt-blocks-accordion-icon-trigger:before{background:#444444;}@media all and (max-width: 1024px){.kt-accordion-id50_b20308-46 .kt-accordion-panel-inner{border-top:0px solid transparent;border-right:0px solid transparent;border-bottom:0px solid transparent;border-left:0px solid transparent;}}@media all and (max-width: 1024px){.kt-accordion-id50_b20308-46 .wp-block-kadence-pane .kt-accordion-header-wrap .kt-blocks-accordion-header{border-top:0px solid #f2f2f2;border-right:0px solid #f2f2f2;border-bottom:0px solid #f2f2f2;border-left:0px solid #f2f2f2;}}@media all and (max-width: 1024px){.kt-accordion-id50_b20308-46 .kt-accordion-header-wrap .kt-blocks-accordion-header:hover, body:not(.hide-focus-outline) .kt-accordion-id50_b20308-46 .kt-accordion-header-wrap .kt-blocks-accordion-header:focus-visible{border-top-color:#eeeeee;border-top-style:solid;border-right-color:#eeeeee;border-right-style:solid;border-bottom-color:#eeeeee;border-bottom-style:solid;border-left-color:#eeeeee;border-left-style:solid;}}@media all and (max-width: 1024px){.kt-accordion-id50_b20308-46 .kt-accordion-header-wrap .kt-blocks-accordion-header:focus-visible, .kt-accordion-id50_b20308-46 .kt-accordion-header-wrap .kt-blocks-accordion-header.kt-accordion-panel-active{border-top-color:#444444;border-top-style:solid;border-right-color:#444444;border-right-style:solid;border-bottom-color:#444444;border-bottom-style:solid;border-left-color:#444444;border-left-style:solid;}}@media all and (max-width: 767px){.kt-accordion-id50_b20308-46 .kt-accordion-inner-wrap{display:block;}.kt-accordion-id50_b20308-46 .kt-accordion-inner-wrap .kt-accordion-pane:not(:first-child){margin-top:0px;}.kt-accordion-id50_b20308-46 .kt-accordion-panel-inner{border-top:0px solid transparent;border-right:0px solid transparent;border-bottom:0px solid transparent;border-left:0px solid transparent;}.kt-accordion-id50_b20308-46 .wp-block-kadence-pane .kt-accordion-header-wrap .kt-blocks-accordion-header{border-top:0px solid #f2f2f2;border-right:0px solid #f2f2f2;border-bottom:0px solid #f2f2f2;border-left:0px solid #f2f2f2;}.kt-accordion-id50_b20308-46 .kt-accordion-header-wrap .kt-blocks-accordion-header:hover, body:not(.hide-focus-outline) .kt-accordion-id50_b20308-46 .kt-accordion-header-wrap .kt-blocks-accordion-header:focus-visible{border-top-color:#eeeeee;border-top-style:solid;border-right-color:#eeeeee;border-right-style:solid;border-bottom-color:#eeeeee;border-bottom-style:solid;border-left-color:#eeeeee;border-left-style:solid;}.kt-accordion-id50_b20308-46 .kt-accordion-header-wrap .kt-blocks-accordion-header:focus-visible, .kt-accordion-id50_b20308-46 .kt-accordion-header-wrap .kt-blocks-accordion-header.kt-accordion-panel-active{border-top-color:#444444;border-top-style:solid;border-right-color:#444444;border-right-style:solid;border-bottom-color:#444444;border-bottom-style:solid;border-left-color:#444444;border-left-style:solid;}}<\/style>\n<div class=\"wp-block-kadence-accordion alignnone\"><div class=\"kt-accordion-wrap kt-accordion-id50_b20308-46 kt-accordion-has-11-panes kt-active-pane-0 kt-accordion-block kt-pane-header-alignment-left kt-accodion-icon-style-basic kt-accodion-icon-side-right\" style=\"max-width:none\"><div class=\"kt-accordion-inner-wrap\" data-allow-multiple-open=\"false\" data-start-open=\"none\">\n<div class=\"wp-block-kadence-pane kt-accordion-pane kt-accordion-pane-4 kt-pane50_46c8cf-ea\"><div class=\"kt-accordion-header-wrap\"><button class=\"kt-blocks-accordion-header kt-acccordion-button-label-show\" type=\"button\"><span class=\"kt-blocks-accordion-title-wrap\"><span class=\"kt-blocks-accordion-title\">Frais d&rsquo;inscription<\/span><\/span><span class=\"kt-blocks-accordion-icon-trigger\"><\/span><\/button><\/div><div class=\"kt-accordion-panel kt-accordion-panel-hidden\"><div class=\"kt-accordion-panel-inner\">\n<p>01.11. 01.11. &#8211; 31.12.2025 CHF 70.00<br\/>01.01. &#8211; 31.05.2026 CHF 80.00<br\/>01.06. &#8211; 05.06.2026 CHF 90.00  <\/p>\n<\/div><\/div><\/div>\n\n\n\n<div class=\"wp-block-kadence-pane kt-accordion-pane kt-accordion-pane-5 kt-pane50_58e73f-e5\"><div class=\"kt-accordion-header-wrap\"><button class=\"kt-blocks-accordion-header kt-acccordion-button-label-show\" type=\"button\"><span class=\"kt-blocks-accordion-title-wrap\"><span class=\"kt-blocks-accordion-title\">Heure de d\u00e9part<\/span><\/span><span class=\"kt-blocks-accordion-icon-trigger\"><\/span><\/button><\/div><div class=\"kt-accordion-panel kt-accordion-panel-hidden\"><div class=\"kt-accordion-panel-inner\">\n<p>Le semi-marathon commence le 5 juin \u00e0 22h45.<\/p>\n<\/div><\/div><\/div>\n\n\n\n<div class=\"wp-block-kadence-pane kt-accordion-pane kt-accordion-pane-9 kt-pane50_334663-a9\"><div class=\"kt-accordion-header-wrap\"><button class=\"kt-blocks-accordion-header kt-acccordion-button-label-show\" type=\"button\"><span class=\"kt-blocks-accordion-title-wrap\"><span class=\"kt-blocks-accordion-title\">Heures de fermeture<\/span><\/span><span class=\"kt-blocks-accordion-icon-trigger\"><\/span><\/button><\/div><div class=\"kt-accordion-panel kt-accordion-panel-hidden\"><div class=\"kt-accordion-panel-inner\">\n<p>Les temps de fermeture suivants doivent \u00eatre atteints pour terminer la course avec succ\u00e8s. Les coureurs qui n&rsquo;atteignent pas les temps de cl\u00f4ture peuvent \u00eatre mis hors course par la direction de course. <br\/><br\/>\u00c9cluse de Port (retour) : 06\/06 | 01h15<br\/>Finish \u00e0 Bienne : 06\/06 | 02h00<\/p>\n<\/div><\/div><\/div>\n\n\n\n<div class=\"wp-block-kadence-pane kt-accordion-pane kt-accordion-pane-1 kt-pane50_ea43cd-09\"><div class=\"kt-accordion-header-wrap\"><button class=\"kt-blocks-accordion-header kt-acccordion-button-label-show\" type=\"button\"><span class=\"kt-blocks-accordion-title-wrap\"><span class=\"kt-blocks-accordion-title\">T-shirt<\/span><\/span><span class=\"kt-blocks-accordion-icon-trigger\"><\/span><\/button><\/div><div class=\"kt-accordion-panel kt-accordion-panel-hidden\"><div class=\"kt-accordion-panel-inner\">\n<p>Le T-shirt est inclus dans le prix d\u2019inscription et peut \u00eatre retir\u00e9 avant la course au stand de distribution de T-shirts sur la Place Publique.<\/p>\n<\/div><\/div><\/div>\n\n\n\n<div class=\"wp-block-kadence-pane kt-accordion-pane kt-accordion-pane-2 kt-pane50_5d6d33-ca\"><div class=\"kt-accordion-header-wrap\"><button class=\"kt-blocks-accordion-header kt-acccordion-button-label-show\" type=\"button\"><span class=\"kt-blocks-accordion-title-wrap\"><span class=\"kt-blocks-accordion-title\">M\u00e9daille<\/span><\/span><span class=\"kt-blocks-accordion-icon-trigger\"><\/span><\/button><\/div><div class=\"kt-accordion-panel kt-accordion-panel-hidden\"><div class=\"kt-accordion-panel-inner\">\n<p>La m\u00e9daille peut \u00eatre r\u00e9serv\u00e9e en plus lors de l&rsquo;inscription pour <strong>10 CHF<\/strong>.<\/p>\n<\/div><\/div><\/div>\n\n\n\n<div class=\"wp-block-kadence-pane kt-accordion-pane kt-accordion-pane-10 kt-pane50_6c07ae-75\"><div class=\"kt-accordion-header-wrap\"><button class=\"kt-blocks-accordion-header kt-acccordion-button-label-show\" type=\"button\"><span class=\"kt-blocks-accordion-title-wrap\"><span class=\"kt-blocks-accordion-title\">Cat\u00e9gories<\/span><\/span><span class=\"kt-blocks-accordion-icon-trigger\"><\/span><\/button><\/div><div class=\"kt-accordion-panel kt-accordion-panel-hidden\"><div class=\"kt-accordion-panel-inner\">\n<p>Il existe les cat\u00e9gories d&rsquo;\u00e2ge suivantes :<\/p>\n\n\n\n<p>Hommes: MJun, M20, M30, M35, M40, M45, M50, M55, M60, M65, M70, M75, M80, M85<br\/>Femmes: WJun, W20, W30, W35, W40, W45, W50, W55, W60, W65, W70, W75, W80<\/p>\n\n\n\n<p>Le classement ne sera annonc\u00e9 que pour le classement g\u00e9n\u00e9ral.<\/p>\n<\/div><\/div><\/div>\n<\/div><\/div><\/div>\n<div class=\"gb-container gb-container-3954fd0f\"><div class=\"gb-inside-container\">\n<style>.wp-block-kadence-advancedgallery.kb-gallery-wrap-id-50_b74e6f-31{overflow:hidden;}.kb-gallery-type-carousel.kb-gallery-id-50_b74e6f-31 .kt-blocks-carousel .kt-blocks-carousel-init:not( .splide-initialized ){margin-left:-5px;margin-right:-5px;}.kb-gallery-type-carousel.kb-gallery-id-50_b74e6f-31 .kt-blocks-carousel .kt-blocks-carousel-init:not( .splide-initialized ) .kb-slide-item{padding-left:5px;padding-right:5px;}.kb-gallery-id-50_b74e6f-31 .kadence-blocks-gallery-item .kb-gal-image-radius, .kb-gallery-id-50_b74e6f-31 .kb-slide-item .kb-gal-image-radius img{border-radius:0px 0px 0px 0px;;}<\/style><div class=\"kb-gallery-wrap-id-50_b74e6f-31 alignnone wp-block-kadence-advancedgallery\"><div class=\"kb-gallery-ul kb-gallery-non-static kb-gallery-type-carousel kb-gallery-id-50_b74e6f-31 kb-gallery-caption-style-bottom-hover kb-gallery-filter-none\" data-image-filter=\"none\" data-lightbox-caption=\"true\"><div class=\"kt-blocks-carousel kt-carousel-container-dotstyle-dark\"><div class=\"kt-blocks-carousel-init kb-gallery-carousel kt-carousel-arrowstyle-whiteondark kt-carousel-dotstyle-dark\" data-columns-xxl=\"3\" data-columns-xl=\"3\" data-columns-md=\"3\" data-columns-sm=\"2\" data-columns-xs=\"1\" data-columns-ss=\"1\" data-slider-anim-speed=\"400\" data-slider-scroll=\"1\" data-slider-arrows=\"true\" data-slider-dots=\"true\" data-slider-hover-pause=\"false\" data-slider-auto=\"\" data-slider-speed=\"7000\" data-slider-gap=\"10px\" data-slider-gap-tablet=\"10px\" data-slider-gap-mobile=\"10px\" aria-label=\"Photo Gallery Carousel\"><div class=\"kb-slide-item kb-gallery-carousel-item\"><div class=\"kadence-blocks-gallery-item\"><div class=\"kadence-blocks-gallery-item-inner\"><figure class=\"kb-gallery-figure kadence-blocks-gallery-item-hide-caption\" \"><div class=\"kb-gal-image-radius\"><div class=\"kb-gallery-image-contain kadence-blocks-gallery-intrinsic kb-gallery-image-ratio-land32 kb-has-image-ratio-land32\" ><img loading=\"lazy\" decoding=\"async\" src=\"https:\/\/100km.ch\/wp-content\/uploads\/print_alphafoto_MIR03583-4-1024x683.jpg\" width=\"1024\" height=\"683\" alt=\"\" data-full-image=\"https:\/\/100km.ch\/wp-content\/uploads\/print_alphafoto_MIR03583-4-scaled.jpg\" data-light-image=\"https:\/\/100km.ch\/wp-content\/uploads\/print_alphafoto_MIR03583-4-scaled.jpg\" data-id=\"10165\" class=\"wp-image-10165 skip-lazy\" srcset=\"https:\/\/100km.ch\/wp-content\/uploads\/print_alphafoto_MIR03583-4-1024x683.jpg 1024w, https:\/\/100km.ch\/wp-content\/uploads\/print_alphafoto_MIR03583-4-300x200.jpg 300w, https:\/\/100km.ch\/wp-content\/uploads\/print_alphafoto_MIR03583-4-768x512.jpg 768w, https:\/\/100km.ch\/wp-content\/uploads\/print_alphafoto_MIR03583-4-1536x1024.jpg 1536w, https:\/\/100km.ch\/wp-content\/uploads\/print_alphafoto_MIR03583-4-2048x1365.jpg 2048w\" sizes=\"auto, (max-width: 1024px) 100vw, 1024px\" \/><\/div><\/div><\/figure><\/div><\/div><\/div><div class=\"kb-slide-item kb-gallery-carousel-item\"><div class=\"kadence-blocks-gallery-item\"><div class=\"kadence-blocks-gallery-item-inner\"><figure class=\"kb-gallery-figure kadence-blocks-gallery-item-hide-caption\" \"><div class=\"kb-gal-image-radius\"><div class=\"kb-gallery-image-contain kadence-blocks-gallery-intrinsic kb-gallery-image-ratio-land32 kb-has-image-ratio-land32\" ><img loading=\"lazy\" decoding=\"async\" src=\"https:\/\/100km.ch\/wp-content\/uploads\/print_alphafoto_D5D_0112-3-1024x683.jpg\" width=\"1024\" height=\"683\" alt=\"\" data-full-image=\"https:\/\/100km.ch\/wp-content\/uploads\/print_alphafoto_D5D_0112-3-scaled.jpg\" data-light-image=\"https:\/\/100km.ch\/wp-content\/uploads\/print_alphafoto_D5D_0112-3-scaled.jpg\" data-id=\"10105\" class=\"wp-image-10105 skip-lazy\" srcset=\"https:\/\/100km.ch\/wp-content\/uploads\/print_alphafoto_D5D_0112-3-1024x683.jpg 1024w, https:\/\/100km.ch\/wp-content\/uploads\/print_alphafoto_D5D_0112-3-300x200.jpg 300w, https:\/\/100km.ch\/wp-content\/uploads\/print_alphafoto_D5D_0112-3-768x512.jpg 768w, https:\/\/100km.ch\/wp-content\/uploads\/print_alphafoto_D5D_0112-3-1536x1024.jpg 1536w, https:\/\/100km.ch\/wp-content\/uploads\/print_alphafoto_D5D_0112-3-2048x1365.jpg 2048w\" sizes=\"auto, (max-width: 1024px) 100vw, 1024px\" \/><\/div><\/div><\/figure><\/div><\/div><\/div><div class=\"kb-slide-item kb-gallery-carousel-item\"><div class=\"kadence-blocks-gallery-item\"><div class=\"kadence-blocks-gallery-item-inner\"><figure class=\"kb-gallery-figure kadence-blocks-gallery-item-hide-caption\" \"><div class=\"kb-gal-image-radius\"><div class=\"kb-gallery-image-contain kadence-blocks-gallery-intrinsic kb-gallery-image-ratio-land32 kb-has-image-ratio-land32\" ><img loading=\"lazy\" decoding=\"async\" src=\"https:\/\/100km.ch\/wp-content\/uploads\/Strecke-Versorungsposten-6-2-3-1024x683.jpg\" width=\"1024\" height=\"683\" alt=\"\" data-full-image=\"https:\/\/100km.ch\/wp-content\/uploads\/Strecke-Versorungsposten-6-2-3-scaled.jpg\" data-light-image=\"https:\/\/100km.ch\/wp-content\/uploads\/Strecke-Versorungsposten-6-2-3-scaled.jpg\" data-id=\"10192\" class=\"wp-image-10192 skip-lazy\" srcset=\"https:\/\/100km.ch\/wp-content\/uploads\/Strecke-Versorungsposten-6-2-3-1024x683.jpg 1024w, https:\/\/100km.ch\/wp-content\/uploads\/Strecke-Versorungsposten-6-2-3-300x200.jpg 300w, https:\/\/100km.ch\/wp-content\/uploads\/Strecke-Versorungsposten-6-2-3-768x512.jpg 768w, https:\/\/100km.ch\/wp-content\/uploads\/Strecke-Versorungsposten-6-2-3-1536x1024.jpg 1536w, https:\/\/100km.ch\/wp-content\/uploads\/Strecke-Versorungsposten-6-2-3-2048x1365.jpg 2048w\" sizes=\"auto, (max-width: 1024px) 100vw, 1024px\" \/><\/div><\/div><\/figure><\/div><\/div><\/div><div class=\"kb-slide-item kb-gallery-carousel-item\"><div class=\"kadence-blocks-gallery-item\"><div class=\"kadence-blocks-gallery-item-inner\"><figure class=\"kb-gallery-figure kadence-blocks-gallery-item-hide-caption\" \"><div class=\"kb-gal-image-radius\"><div class=\"kb-gallery-image-contain kadence-blocks-gallery-intrinsic kb-gallery-image-ratio-land32 kb-has-image-ratio-land32\" ><img loading=\"lazy\" decoding=\"async\" src=\"https:\/\/100km.ch\/wp-content\/uploads\/Biel-_100km-@Yanak-Lopez-26-4-1024x683.jpg\" width=\"1024\" height=\"683\" alt=\"\" data-full-image=\"https:\/\/100km.ch\/wp-content\/uploads\/Biel-_100km-@Yanak-Lopez-26-4-scaled.jpg\" data-light-image=\"https:\/\/100km.ch\/wp-content\/uploads\/Biel-_100km-@Yanak-Lopez-26-4-scaled.jpg\" data-id=\"10177\" class=\"wp-image-10177 skip-lazy\" srcset=\"https:\/\/100km.ch\/wp-content\/uploads\/Biel-_100km-@Yanak-Lopez-26-4-1024x683.jpg 1024w, https:\/\/100km.ch\/wp-content\/uploads\/Biel-_100km-@Yanak-Lopez-26-4-300x200.jpg 300w, https:\/\/100km.ch\/wp-content\/uploads\/Biel-_100km-@Yanak-Lopez-26-4-768x512.jpg 768w, https:\/\/100km.ch\/wp-content\/uploads\/Biel-_100km-@Yanak-Lopez-26-4-1536x1024.jpg 1536w, https:\/\/100km.ch\/wp-content\/uploads\/Biel-_100km-@Yanak-Lopez-26-4-2048x1365.jpg 2048w\" sizes=\"auto, (max-width: 1024px) 100vw, 1024px\" \/><\/div><\/div><\/figure><\/div><\/div><\/div><div class=\"kb-slide-item kb-gallery-carousel-item\"><div class=\"kadence-blocks-gallery-item\"><div class=\"kadence-blocks-gallery-item-inner\"><figure class=\"kb-gallery-figure kadence-blocks-gallery-item-hide-caption\" \"><div class=\"kb-gal-image-radius\"><div class=\"kb-gallery-image-contain kadence-blocks-gallery-intrinsic kb-gallery-image-ratio-land32 kb-has-image-ratio-land32\" ><img loading=\"lazy\" decoding=\"async\" src=\"https:\/\/100km.ch\/wp-content\/uploads\/627A8276_TG-1-1024x683.jpg\" width=\"1024\" height=\"683\" alt=\"\" data-full-image=\"https:\/\/100km.ch\/wp-content\/uploads\/627A8276_TG-1-scaled.jpg\" data-light-image=\"https:\/\/100km.ch\/wp-content\/uploads\/627A8276_TG-1-scaled.jpg\" data-id=\"10093\" class=\"wp-image-10093 skip-lazy\" srcset=\"https:\/\/100km.ch\/wp-content\/uploads\/627A8276_TG-1-1024x683.jpg 1024w, https:\/\/100km.ch\/wp-content\/uploads\/627A8276_TG-1-300x200.jpg 300w, https:\/\/100km.ch\/wp-content\/uploads\/627A8276_TG-1-768x512.jpg 768w, https:\/\/100km.ch\/wp-content\/uploads\/627A8276_TG-1-1536x1024.jpg 1536w, https:\/\/100km.ch\/wp-content\/uploads\/627A8276_TG-1-2048x1365.jpg 2048w\" sizes=\"auto, (max-width: 1024px) 100vw, 1024px\" \/><\/div><\/div><\/figure><\/div><\/div><\/div><div class=\"kb-slide-item kb-gallery-carousel-item\"><div class=\"kadence-blocks-gallery-item\"><div class=\"kadence-blocks-gallery-item-inner\"><figure class=\"kb-gallery-figure kadence-blocks-gallery-item-hide-caption\" \"><div class=\"kb-gal-image-radius\"><div class=\"kb-gallery-image-contain kadence-blocks-gallery-intrinsic kb-gallery-image-ratio-land32 kb-has-image-ratio-land32\" ><img loading=\"lazy\" decoding=\"async\" src=\"https:\/\/100km.ch\/wp-content\/uploads\/Biel-_100km-@Yanak-Lopez-302-3-1024x683.jpg\" width=\"1024\" height=\"683\" alt=\"\" data-full-image=\"https:\/\/100km.ch\/wp-content\/uploads\/Biel-_100km-@Yanak-Lopez-302-3-scaled.jpg\" data-light-image=\"https:\/\/100km.ch\/wp-content\/uploads\/Biel-_100km-@Yanak-Lopez-302-3-scaled.jpg\" data-id=\"10126\" class=\"wp-image-10126 skip-lazy\" srcset=\"https:\/\/100km.ch\/wp-content\/uploads\/Biel-_100km-@Yanak-Lopez-302-3-1024x683.jpg 1024w, https:\/\/100km.ch\/wp-content\/uploads\/Biel-_100km-@Yanak-Lopez-302-3-300x200.jpg 300w, https:\/\/100km.ch\/wp-content\/uploads\/Biel-_100km-@Yanak-Lopez-302-3-768x512.jpg 768w, https:\/\/100km.ch\/wp-content\/uploads\/Biel-_100km-@Yanak-Lopez-302-3-1536x1024.jpg 1536w, https:\/\/100km.ch\/wp-content\/uploads\/Biel-_100km-@Yanak-Lopez-302-3-2048x1365.jpg 2048w\" sizes=\"auto, (max-width: 1024px) 100vw, 1024px\" \/><\/div><\/div><\/figure><\/div><\/div><\/div><\/div><\/div><\/div><\/div>\n<\/div><\/div>","protected":false},"excerpt":{"rendered":"<p>Semi-marathon (21,1 km) Un semi-marathon est le d\u00e9fi parfait pour tester vos limites et vous d\u00e9passer ! L&rsquo;\u00e9nergie de la foule, l&rsquo;adr\u00e9naline sur le parcours et la sensation indescriptible lorsque vous franchissez la ligne d&rsquo;arriv\u00e9e font que chaque pas en vaut la peine.<\/p>\n","protected":false},"author":1,"featured_media":10277,"parent":0,"menu_order":20,"comment_status":"closed","ping_status":"closed","template":"","meta":{"_acf_changed":false,"_eb_attr":"","_kad_blocks_custom_css":"","_kad_blocks_head_custom_js":"","_kad_blocks_body_custom_js":"","_kad_blocks_footer_custom_js":"","_kad_post_transparent":"","_kad_post_title":"","_kad_post_layout":"","_kad_post_sidebar_id":"","_kad_post_content_style":"","_kad_post_vertical_padding":"","_kad_post_feature":"","_kad_post_feature_position":"","_kad_post_header":false,"_kad_post_footer":false,"_kad_post_classname":"","footnotes":""},"categories":[42],"class_list":["post-3712","page","type-page","status-publish","has-post-thumbnail","hentry","category-format-de-course"],"acf":[],"taxonomy_info":{"category":[{"value":42,"label":"Format de course"}]},"featured_image_src_large":["https:\/\/100km.ch\/wp-content\/uploads\/print_alphafoto_AL9_2397-1024x683.jpg",1024,683,true],"author_info":{"display_name":"marcelheiniger","author_link":"https:\/\/100km.ch\/fr\/author\/marcelheiniger\/"},"comment_info":0,"_links":{"self":[{"href":"https:\/\/100km.ch\/fr\/wp-json\/wp\/v2\/pages\/3712","targetHints":{"allow":["GET"]}}],"collection":[{"href":"https:\/\/100km.ch\/fr\/wp-json\/wp\/v2\/pages"}],"about":[{"href":"https:\/\/100km.ch\/fr\/wp-json\/wp\/v2\/types\/page"}],"author":[{"embeddable":true,"href":"https:\/\/100km.ch\/fr\/wp-json\/wp\/v2\/users\/1"}],"replies":[{"embeddable":true,"href":"https:\/\/100km.ch\/fr\/wp-json\/wp\/v2\/comments?post=3712"}],"version-history":[{"count":33,"href":"https:\/\/100km.ch\/fr\/wp-json\/wp\/v2\/pages\/3712\/revisions"}],"predecessor-version":[{"id":10880,"href":"https:\/\/100km.ch\/fr\/wp-json\/wp\/v2\/pages\/3712\/revisions\/10880"}],"wp:featuredmedia":[{"embeddable":true,"href":"https:\/\/100km.ch\/fr\/wp-json\/wp\/v2\/media\/10277"}],"wp:attachment":[{"href":"https:\/\/100km.ch\/fr\/wp-json\/wp\/v2\/media?parent=3712"}],"wp:term":[{"taxonomy":"category","embeddable":true,"href":"https:\/\/100km.ch\/fr\/wp-json\/wp\/v2\/categories?post=3712"}],"curies":[{"name":"wp","href":"https:\/\/api.w.org\/{rel}","templated":true}]}}