{"id":3770,"date":"2022-09-30T03:40:46","date_gmt":"2022-09-30T02:40:46","guid":{"rendered":"https:\/\/100.webdev4u.info\/edit_faq\/"},"modified":"2022-10-09T10:21:51","modified_gmt":"2022-10-09T10:21:51","slug":"edit_faq","status":"publish","type":"page","link":"https:\/\/100km.ch\/fr\/edit_faq\/","title":{"rendered":"edit_FAQ"},"content":{"rendered":"<div class='fluentform ff-default fluentform_wrapper_6  ff_guten_block ff_guten_block-6 ffs_default_wrap'><form data-form_id=\"6\" id=\"fluentform_6\" class=\"frm-fluent-form fluent_form_6 ff-el-form-top ff_form_instance_6_1 ff-form-loading ffs_default\" data-form_instance=\"ff_form_instance_6_1\" method=\"POST\" ><fieldset  style=\"border: none!important;margin: 0!important;padding: 0!important;background-color: transparent!important;box-shadow: none!important;outline: none!important; min-inline-size: 100%;\">\n                    <legend class=\"ff_screen_reader_title\" style=\"display: block; margin: 0!important;padding: 0!important;height: 0!important;text-indent: -999999px;width: 0!important;overflow:hidden;\">EDIT FAQ (#6)<\/legend><input type='hidden' name='__fluent_form_embded_post_id' value='3770' \/><input type=\"hidden\" id=\"_fluentform_6_fluentformnonce\" name=\"_fluentform_6_fluentformnonce\" value=\"82d7856cc8\" \/><input type=\"hidden\" name=\"_wp_http_referer\" value=\"\/fr\/wp-json\/wp\/v2\/pages\/3770\" \/><div class='ff-el-group'><div class=\"ff-el-input--label asterisk-right\"><label for='ff_6_cpt_selection' id='label_ff_6_cpt_selection' aria-label=\"FAQ ausw\u00e4hlen\">FAQ ausw\u00e4hlen<\/label><\/div><div class='ff-el-input--content'><select name=\"cpt_selection\" id=\"ff_6_cpt_selection\" class=\"ff-el-form-control  ff_has_multi_select\" data-name=\"cpt_selection\" data-calc_value=\"0\"  aria-invalid=\"false\" aria-required=\"false\" aria-labelledby=\"label_ff_6_cpt_selection\"><option value=\"\">&#8211; Bitte ausw\u00e4hlen &#8211;<\/option><option value=\"9515\"  >Que faire si je me suis bless\u00e9(e) pendant la pr\u00e9paration ?<\/option><option value=\"9186\"  >Puis-je reporter ma place de d\u00e9part \u00e0 l&rsquo;ann\u00e9e prochaine ?<\/option><option value=\"9150\"  >Une assistance \u00e0 v\u00e9lo est-elle autoris\u00e9e pour les courses en relais ?<\/option><option value=\"9149\"  >Est-il possible de remplacer un membre du relais apr\u00e8s l&rsquo;inscription ?<\/option><option value=\"4041\"  >Puis-je encore m&rsquo;inscrire \u00e0 la course sur place ?<\/option><\/select><\/div><\/div><div class='ff-el-group'><div class=\"ff-el-input--label asterisk-right\"><label for='ff_6_post_title' id='label_ff_6_post_title' aria-label=\"Frage\">Frage<\/label><\/div><div class='ff-el-input--content'><input name=\"post_title\" class=\"ff-el-form-control\" type=\"text\" data-name=\"post_title\" id=\"ff_6_post_title\" ><\/div><\/div><div class='ff-el-group'><div class=\"ff-el-input--label asterisk-right\"><label for='ff_6_Antwort' id='label_ff_6_Antwort' aria-label=\"Antwort\">Antwort<\/label><\/div><div class='ff-el-input--content'><textarea name=\"Antwort\" id=\"ff_6_Antwort\" class=\"ff-el-form-control fluentform-post-content\" rows=\"3\" cols=\"2\" data-name=\"Antwort\" ><\/textarea><\/div><\/div><div class='ff-el-group'><div class=\"ff-el-input--label asterisk-right\"><label for='ff_6_rangeslider' id='label_ff_6_rangeslider' aria-label=\"Priority\">Priority<\/label><\/div><div class='ff-el-input--content'><div class='ff_slider_wrapper'><input name=\"rangeslider\" class=\"ff-el-form-control\" value=\"100\" min=\"0\" max=\"100\" type=\"range\" data-name=\"rangeslider\" id=\"ff_6_rangeslider\" data-default_value=\"100\" data-calc_value=\"100\"  aria-invalid='false' aria-required=false\/><div class='ff_range_value'>100<\/div><\/div><\/div><\/div><div class='ff-el-group ff-text-left ff_submit_btn_wrapper'><button type=\"submit\" class=\"ff-btn ff-btn-submit ff-btn-md ff_btn_no_style\"  aria-label=\"FAQ Senden\">FAQ Senden<\/button><\/div><\/fieldset><\/form><div id='fluentform_6_errors' class='ff-errors-in-stack ff_form_instance_6_1 ff-form-loading_errors ff_form_instance_6_1_errors'><\/div><\/div>            <script type=\"text\/javascript\">\n                window.fluent_form_ff_form_instance_6_1 = {\"id\":\"6\",\"settings\":{\"layout\":{\"labelPlacement\":\"top\",\"helpMessagePlacement\":\"with_label\",\"errorMessagePlacement\":\"inline\",\"cssClassName\":\"\",\"asteriskPlacement\":\"asterisk-right\"},\"restrictions\":{\"denyEmptySubmission\":{\"enabled\":false}}},\"form_instance\":\"ff_form_instance_6_1\",\"form_id_selector\":\"fluentform_6\",\"rules\":{\"cpt_selection\":{\"required\":{\"value\":false,\"message\":\"This field is required\"}},\"post_title\":{\"required\":{\"value\":false,\"message\":\"This field is required\"}},\"Antwort\":{\"required\":{\"value\":false,\"message\":\"This field is required\"}},\"rangeslider\":{\"required\":{\"value\":false,\"message\":\"This field is required\"}}},\"debounce_time\":300};\n                            <\/script>\n            ","protected":false},"excerpt":{"rendered":"","protected":false},"author":1,"featured_media":0,"parent":0,"menu_order":0,"comment_status":"closed","ping_status":"closed","template":"","meta":{"_acf_changed":false,"_eb_attr":"","_kad_blocks_custom_css":"","_kad_blocks_head_custom_js":"","_kad_blocks_body_custom_js":"","_kad_blocks_footer_custom_js":"","_kad_post_transparent":"","_kad_post_title":"","_kad_post_layout":"","_kad_post_sidebar_id":"","_kad_post_content_style":"","_kad_post_vertical_padding":"","_kad_post_feature":"","_kad_post_feature_position":"","_kad_post_header":false,"_kad_post_footer":false,"_kad_post_classname":"","footnotes":""},"categories":[],"class_list":["post-3770","page","type-page","status-publish","hentry"],"acf":[],"taxonomy_info":[],"featured_image_src_large":false,"author_info":{"display_name":"marcelheiniger","author_link":"https:\/\/100km.ch\/fr\/author\/marcelheiniger\/"},"comment_info":0,"_links":{"self":[{"href":"https:\/\/100km.ch\/fr\/wp-json\/wp\/v2\/pages\/3770","targetHints":{"allow":["GET"]}}],"collection":[{"href":"https:\/\/100km.ch\/fr\/wp-json\/wp\/v2\/pages"}],"about":[{"href":"https:\/\/100km.ch\/fr\/wp-json\/wp\/v2\/types\/page"}],"author":[{"embeddable":true,"href":"https:\/\/100km.ch\/fr\/wp-json\/wp\/v2\/users\/1"}],"replies":[{"embeddable":true,"href":"https:\/\/100km.ch\/fr\/wp-json\/wp\/v2\/comments?post=3770"}],"version-history":[{"count":3,"href":"https:\/\/100km.ch\/fr\/wp-json\/wp\/v2\/pages\/3770\/revisions"}],"predecessor-version":[{"id":3881,"href":"https:\/\/100km.ch\/fr\/wp-json\/wp\/v2\/pages\/3770\/revisions\/3881"}],"wp:attachment":[{"href":"https:\/\/100km.ch\/fr\/wp-json\/wp\/v2\/media?parent=3770"}],"wp:term":[{"taxonomy":"category","embeddable":true,"href":"https:\/\/100km.ch\/fr\/wp-json\/wp\/v2\/categories?post=3770"}],"curies":[{"name":"wp","href":"https:\/\/api.w.org\/{rel}","templated":true}]}}