{"id":3786,"date":"2022-10-03T12:17:30","date_gmt":"2022-10-03T11:17:30","guid":{"rendered":"https:\/\/100.webdev4u.info\/a-propos-de-nous\/"},"modified":"2024-01-11T00:46:16","modified_gmt":"2024-01-10T23:46:16","slug":"a-propos-de-nous","status":"publish","type":"page","link":"https:\/\/100km.ch\/fr\/a-propos-de-nous\/","title":{"rendered":"\u00c0 propos de nous"},"content":{"rendered":"\n<p>Derri\u00e8re l&rsquo;organisation des Courses de Bienne se cachent d&rsquo;innombrables b\u00e9n\u00e9voles qui travaillent toute l&rsquo;ann\u00e9e sur cet \u00e9v\u00e9nement afin d&rsquo;offrir aux coureurs et aux coureuses une nuit des nuits inoubliable. La planification, la conception et la r\u00e9alisation sont \u00e9labor\u00e9es par une \u00e9quipe centrale compos\u00e9e du comit\u00e9 directeur de 4 personnes et de l&rsquo;ensemble du comit\u00e9 d&rsquo;organisation. L&rsquo;\u00e9quipe se r\u00e9jouit de s&rsquo;attaquer \u00e0 la prochaine \u00e9dition.<\/p>\n\n\n\n<h2 class=\"gb-headline gb-headline-3ead8e00 gb-headline-text\">Conseil d&rsquo;administration<\/h2>\n\n\n\n<div class=\"gb-grid-wrapper gb-grid-wrapper-e4326ad7 gb-query-loop-wrapper\">\n<div class=\"gb-grid-column gb-grid-column-39431898 gb-query-loop-item post-4062 team type-team status-publish has-post-thumbnail hentry team_category-vorstand\"><div class=\"gb-container gb-container-39431898\"><div class=\"gb-inside-container\">\n<div class=\"gb-grid-wrapper gb-grid-wrapper-d9900baa\">\n<div class=\"gb-grid-column gb-grid-column-c74a1f8d\"><div class=\"gb-container gb-container-c74a1f8d\" style=\"background-image: url(https:\/\/100km.ch\/wp-content\/uploads\/cyprien-1-768x727.jpg);\"><div class=\"gb-inside-container\"><\/div><\/div><\/div>\n\n<div class=\"gb-grid-column gb-grid-column-cd27bf18\"><div class=\"gb-container gb-container-cd27bf18\"><div class=\"gb-inside-container\">\n<h6 class=\"gb-headline gb-headline-ff17ec06 gb-headline-text\">Cyprien Louis<\/h6>\n\n<div class=\"entry-content wp-block-post-content is-layout-flow wp-block-post-content-is-layout-flow\"><p class=\"gb-headline gb-headline-0d6e09a8 gb-headline-text\">Pr\u00e9sident<\/p>\n<\/div>\n<\/div><\/div><\/div>\n<\/div>\n<\/div><\/div><\/div>\n\n<div class=\"gb-grid-column gb-grid-column-39431898 gb-query-loop-item post-4055 team type-team status-publish has-post-thumbnail hentry team_category-vorstand\"><div class=\"gb-container gb-container-39431898\"><div class=\"gb-inside-container\">\n<div class=\"gb-grid-wrapper gb-grid-wrapper-d9900baa\">\n<div class=\"gb-grid-column gb-grid-column-c74a1f8d\"><div class=\"gb-container gb-container-c74a1f8d\" style=\"background-image: url(https:\/\/100km.ch\/wp-content\/uploads\/Florence_Pillet_Vorstandsmitglied-768x768.jpg);\"><div class=\"gb-inside-container\"><\/div><\/div><\/div>\n\n<div class=\"gb-grid-column gb-grid-column-cd27bf18\"><div class=\"gb-container gb-container-cd27bf18\"><div class=\"gb-inside-container\">\n<h6 class=\"gb-headline gb-headline-ff17ec06 gb-headline-text\">Florence Pillet<\/h6>\n\n<div class=\"entry-content wp-block-post-content is-layout-flow wp-block-post-content-is-layout-flow\">\n<p>Membre du conseil d&rsquo;administration<\/p>\n<\/div>\n<\/div><\/div><\/div>\n<\/div>\n<\/div><\/div><\/div>\n\n<div class=\"gb-grid-column gb-grid-column-39431898 gb-query-loop-item post-4066 team type-team status-publish has-post-thumbnail hentry team_category-vorstand\"><div class=\"gb-container gb-container-39431898\"><div class=\"gb-inside-container\">\n<div class=\"gb-grid-wrapper gb-grid-wrapper-d9900baa\">\n<div class=\"gb-grid-column gb-grid-column-c74a1f8d\"><div class=\"gb-container gb-container-c74a1f8d\" style=\"background-image: url(https:\/\/100km.ch\/wp-content\/uploads\/Flavio_Da_Silva_Sousa_Beriechsleiter_Infrastruktur-768x994.jpg);\"><div class=\"gb-inside-container\"><\/div><\/div><\/div>\n\n<div class=\"gb-grid-column gb-grid-column-cd27bf18\"><div class=\"gb-container gb-container-cd27bf18\"><div class=\"gb-inside-container\">\n<h6 class=\"gb-headline gb-headline-ff17ec06 gb-headline-text\">Flavio Da Silva Sousa<\/h6>\n\n<div class=\"entry-content wp-block-post-content is-layout-flow wp-block-post-content-is-layout-flow\"><p>Membre du conseil d&rsquo;administration<\/p>\n<\/div>\n<\/div><\/div><\/div>\n<\/div>\n<\/div><\/div><\/div>\n\n<div class=\"gb-grid-column gb-grid-column-39431898 gb-query-loop-item post-9163 team type-team status-publish has-post-thumbnail hentry team_category-vorstand\"><div class=\"gb-container gb-container-39431898\"><div class=\"gb-inside-container\">\n<div class=\"gb-grid-wrapper gb-grid-wrapper-d9900baa\">\n<div class=\"gb-grid-column gb-grid-column-c74a1f8d\"><div class=\"gb-container gb-container-c74a1f8d\" style=\"background-image: url(https:\/\/100km.ch\/wp-content\/uploads\/Patrick_Demierre_Bereichsleiter_Milita\u0308r-768x512.jpg);\"><div class=\"gb-inside-container\"><\/div><\/div><\/div>\n\n<div class=\"gb-grid-column gb-grid-column-cd27bf18\"><div class=\"gb-container gb-container-cd27bf18\"><div class=\"gb-inside-container\">\n<h6 class=\"gb-headline gb-headline-ff17ec06 gb-headline-text\">Patrick Demierre<\/h6>\n\n<div class=\"entry-content wp-block-post-content is-layout-flow wp-block-post-content-is-layout-flow\">\n<p>Membre du conseil d&rsquo;administration<\/p>\n<\/div>\n<\/div><\/div><\/div>\n<\/div>\n<\/div><\/div><\/div>\n<\/div>\n\n\n<div class=\"gb-container gb-container-aa994d25 alignfull\"><div class=\"gb-inside-container\">\n\n<h2 class=\"gb-headline gb-headline-a40f83eb gb-headline-text\"><strong>Membres du comit\u00e9 d&rsquo;organisation<\/strong><\/h2>\n\n\n\n<div class=\"gb-grid-wrapper gb-grid-wrapper-1f6ba8d0 gb-query-loop-wrapper\">\n<div class=\"gb-grid-column gb-grid-column-25cc85f7 gb-query-loop-item post-4042 team type-team status-publish has-post-thumbnail hentry team_category-ok\"><div class=\"gb-container gb-container-25cc85f7\"><div class=\"gb-inside-container\">\n<div class=\"gb-grid-wrapper gb-grid-wrapper-66da7eb1\">\n<div class=\"gb-grid-column gb-grid-column-0bca31f6\"><div class=\"gb-container gb-container-0bca31f6\" style=\"background-image: url(https:\/\/100km.ch\/wp-content\/uploads\/Beat_Junker_OK_Chef-768x797.jpg);\"><div class=\"gb-inside-container\"><\/div><\/div><\/div>\n\n<div class=\"gb-grid-column gb-grid-column-d51a8717\"><div class=\"gb-container gb-container-d51a8717\"><div class=\"gb-inside-container\">\n<h6 class=\"gb-headline gb-headline-04e4b886 gb-headline-text\">Beat Junker<\/h6>\n\n<div class=\"entry-content wp-block-post-content is-layout-flow wp-block-post-content-is-layout-flow\">\n<p>Chef du CO<\/p>\n<\/div>\n<\/div><\/div><\/div>\n<\/div>\n<\/div><\/div><\/div>\n\n<div class=\"gb-grid-column gb-grid-column-25cc85f7 gb-query-loop-item post-4030 team type-team status-publish has-post-thumbnail hentry team_category-ok\"><div class=\"gb-container gb-container-25cc85f7\"><div class=\"gb-inside-container\">\n<div class=\"gb-grid-wrapper gb-grid-wrapper-66da7eb1\">\n<div class=\"gb-grid-column gb-grid-column-0bca31f6\"><div class=\"gb-container gb-container-0bca31f6\" style=\"background-image: url(https:\/\/100km.ch\/wp-content\/uploads\/Christoph_Nu\u0308tzi_Vorstandsmitglied-768x1024.jpg);\"><div class=\"gb-inside-container\"><\/div><\/div><\/div>\n\n<div class=\"gb-grid-column gb-grid-column-d51a8717\"><div class=\"gb-container gb-container-d51a8717\"><div class=\"gb-inside-container\">\n<h6 class=\"gb-headline gb-headline-04e4b886 gb-headline-text\">Christoph N\u00fctzi<\/h6>\n\n<div class=\"entry-content wp-block-post-content is-layout-flow wp-block-post-content-is-layout-flow\">\n<p>Service sanitaire et de la s\u00e9curit\u00e9<\/p>\n<\/div>\n<\/div><\/div><\/div>\n<\/div>\n<\/div><\/div><\/div>\n\n<div class=\"gb-grid-column gb-grid-column-25cc85f7 gb-query-loop-item post-4054 team type-team status-publish has-post-thumbnail hentry team_category-ok\"><div class=\"gb-container gb-container-25cc85f7\"><div class=\"gb-inside-container\">\n<div class=\"gb-grid-wrapper gb-grid-wrapper-66da7eb1\">\n<div class=\"gb-grid-column gb-grid-column-0bca31f6\"><div class=\"gb-container gb-container-0bca31f6\" style=\"background-image: url(https:\/\/100km.ch\/wp-content\/uploads\/Foto_Anicia-768x1024.jpg);\"><div class=\"gb-inside-container\"><\/div><\/div><\/div>\n\n<div class=\"gb-grid-column gb-grid-column-d51a8717\"><div class=\"gb-container gb-container-d51a8717\"><div class=\"gb-inside-container\">\n<h6 class=\"gb-headline gb-headline-04e4b886 gb-headline-text\">Anicia Jeannerat<\/h6>\n\n<div class=\"entry-content wp-block-post-content is-layout-flow wp-block-post-content-is-layout-flow\">\n<p>Marketing et communication<\/p>\n<\/div>\n<\/div><\/div><\/div>\n<\/div>\n<\/div><\/div><\/div>\n\n<div class=\"gb-grid-column gb-grid-column-25cc85f7 gb-query-loop-item post-4082 team type-team status-publish has-post-thumbnail hentry team_category-ok\"><div class=\"gb-container gb-container-25cc85f7\"><div class=\"gb-inside-container\">\n<div class=\"gb-grid-wrapper gb-grid-wrapper-66da7eb1\">\n<div class=\"gb-grid-column gb-grid-column-0bca31f6\"><div class=\"gb-container gb-container-0bca31f6\" style=\"background-image: url(https:\/\/100km.ch\/wp-content\/uploads\/Patrick_Demierre_Bereichsleiter_Milita\u0308r-768x512.jpg);\"><div class=\"gb-inside-container\"><\/div><\/div><\/div>\n\n<div class=\"gb-grid-column gb-grid-column-d51a8717\"><div class=\"gb-container gb-container-d51a8717\"><div class=\"gb-inside-container\">\n<h6 class=\"gb-headline gb-headline-04e4b886 gb-headline-text\">Patrick Demierre<\/h6>\n\n<div class=\"entry-content wp-block-post-content is-layout-flow wp-block-post-content-is-layout-flow\">\n<p>Domaine militaire<\/p>\n<\/div>\n<\/div><\/div><\/div>\n<\/div>\n<\/div><\/div><\/div>\n\n<div class=\"gb-grid-column gb-grid-column-25cc85f7 gb-query-loop-item post-4085 team type-team status-publish has-post-thumbnail hentry team_category-ok\"><div class=\"gb-container gb-container-25cc85f7\"><div class=\"gb-inside-container\">\n<div class=\"gb-grid-wrapper gb-grid-wrapper-66da7eb1\">\n<div class=\"gb-grid-column gb-grid-column-0bca31f6\"><div class=\"gb-container gb-container-0bca31f6\" style=\"background-image: url(https:\/\/100km.ch\/wp-content\/uploads\/lea_riesen.jpg);\"><div class=\"gb-inside-container\"><\/div><\/div><\/div>\n\n<div class=\"gb-grid-column gb-grid-column-d51a8717\"><div class=\"gb-container gb-container-d51a8717\"><div class=\"gb-inside-container\">\n<h6 class=\"gb-headline gb-headline-04e4b886 gb-headline-text\">Lea Riesen<\/h6>\n\n<div class=\"entry-content wp-block-post-content is-layout-flow wp-block-post-content-is-layout-flow\">\n<p>Organisation de la course<\/p>\n<\/div>\n<\/div><\/div><\/div>\n<\/div>\n<\/div><\/div><\/div>\n\n<div class=\"gb-grid-column gb-grid-column-25cc85f7 gb-query-loop-item post-7338 team type-team status-publish has-post-thumbnail hentry team_category-ok\"><div class=\"gb-container gb-container-25cc85f7\"><div class=\"gb-inside-container\">\n<div class=\"gb-grid-wrapper gb-grid-wrapper-66da7eb1\">\n<div class=\"gb-grid-column gb-grid-column-0bca31f6\"><div class=\"gb-container gb-container-0bca31f6\" style=\"background-image: url(https:\/\/100km.ch\/wp-content\/uploads\/WhatsApp-Image-2023-10-30-at-15.49.36.jpeg);\"><div class=\"gb-inside-container\"><\/div><\/div><\/div>\n\n<div class=\"gb-grid-column gb-grid-column-d51a8717\"><div class=\"gb-container gb-container-d51a8717\"><div class=\"gb-inside-container\">\n<h6 class=\"gb-headline gb-headline-04e4b886 gb-headline-text\">Nicole De Donatis<\/h6>\n\n<div class=\"entry-content wp-block-post-content is-layout-flow wp-block-post-content-is-layout-flow\">\n<p>Sponsoring<\/p>\n<\/div>\n<\/div><\/div><\/div>\n<\/div>\n<\/div><\/div><\/div>\n\n<div class=\"gb-grid-column gb-grid-column-25cc85f7 gb-query-loop-item post-4086 team type-team status-publish has-post-thumbnail hentry team_category-ok\"><div class=\"gb-container gb-container-25cc85f7\"><div class=\"gb-inside-container\">\n<div class=\"gb-grid-wrapper gb-grid-wrapper-66da7eb1\">\n<div class=\"gb-grid-column gb-grid-column-0bca31f6\"><div class=\"gb-container gb-container-0bca31f6\" style=\"background-image: url(https:\/\/100km.ch\/wp-content\/uploads\/EVENTRA_LUKAS2-768x512.jpeg);\"><div class=\"gb-inside-container\"><\/div><\/div><\/div>\n\n<div class=\"gb-grid-column gb-grid-column-d51a8717\"><div class=\"gb-container gb-container-d51a8717\"><div class=\"gb-inside-container\">\n<h6 class=\"gb-headline gb-headline-04e4b886 gb-headline-text\">Lukas Hohl<\/h6>\n\n<div class=\"entry-content wp-block-post-content is-layout-flow wp-block-post-content-is-layout-flow\">\n<p>Sponsoring &#038; direction\n<\/p>\n<\/div>\n<\/div><\/div><\/div>\n<\/div>\n<\/div><\/div><\/div>\n\n<div class=\"gb-grid-column gb-grid-column-25cc85f7 gb-query-loop-item post-4088 team type-team status-publish has-post-thumbnail hentry team_category-ok\"><div class=\"gb-container gb-container-25cc85f7\"><div class=\"gb-inside-container\">\n<div class=\"gb-grid-wrapper gb-grid-wrapper-66da7eb1\">\n<div class=\"gb-grid-column gb-grid-column-0bca31f6\"><div class=\"gb-container gb-container-0bca31f6\" style=\"background-image: url(https:\/\/100km.ch\/wp-content\/uploads\/EVENTRA_MARCEL-768x512.jpg);\"><div class=\"gb-inside-container\"><\/div><\/div><\/div>\n\n<div class=\"gb-grid-column gb-grid-column-d51a8717\"><div class=\"gb-container gb-container-d51a8717\"><div class=\"gb-inside-container\">\n<h6 class=\"gb-headline gb-headline-04e4b886 gb-headline-text\">Marcel Sallin<\/h6>\n\n<div class=\"entry-content wp-block-post-content is-layout-flow wp-block-post-content-is-layout-flow\">\n<p>Finances et direction<\/p>\n<\/div>\n<\/div><\/div><\/div>\n<\/div>\n<\/div><\/div><\/div>\n\n<div class=\"gb-grid-column gb-grid-column-25cc85f7 gb-query-loop-item post-7810 team type-team status-publish has-post-thumbnail hentry team_category-ok\"><div class=\"gb-container gb-container-25cc85f7\"><div class=\"gb-inside-container\">\n<div class=\"gb-grid-wrapper gb-grid-wrapper-66da7eb1\">\n<div class=\"gb-grid-column gb-grid-column-0bca31f6\"><div class=\"gb-container gb-container-0bca31f6\" style=\"background-image: url(https:\/\/100km.ch\/wp-content\/uploads\/foto_100-Km-768x962.png);\"><div class=\"gb-inside-container\"><\/div><\/div><\/div>\n\n<div class=\"gb-grid-column gb-grid-column-d51a8717\"><div class=\"gb-container gb-container-d51a8717\"><div class=\"gb-inside-container\">\n<h6 class=\"gb-headline gb-headline-04e4b886 gb-headline-text\">J\u00fcrg Haueter<\/h6>\n\n<div class=\"entry-content wp-block-post-content is-layout-flow wp-block-post-content-is-layout-flow\">\n<p>Domaine militaire<\/p>\n<\/div>\n<\/div><\/div><\/div>\n<\/div>\n<\/div><\/div><\/div>\n\n<div class=\"gb-grid-column gb-grid-column-25cc85f7 gb-query-loop-item post-7811 team type-team status-publish has-post-thumbnail hentry team_category-ok\"><div class=\"gb-container gb-container-25cc85f7\"><div class=\"gb-inside-container\">\n<div class=\"gb-grid-wrapper gb-grid-wrapper-66da7eb1\">\n<div class=\"gb-grid-column gb-grid-column-0bca31f6\"><div class=\"gb-container gb-container-0bca31f6\" style=\"background-image: url(https:\/\/100km.ch\/wp-content\/uploads\/Foto-Denise-768x1152.jpg);\"><div class=\"gb-inside-container\"><\/div><\/div><\/div>\n\n<div class=\"gb-grid-column gb-grid-column-d51a8717\"><div class=\"gb-container gb-container-d51a8717\"><div class=\"gb-inside-container\">\n<h6 class=\"gb-headline gb-headline-04e4b886 gb-headline-text\">Denise Jordi<\/h6>\n\n<div class=\"entry-content wp-block-post-content is-layout-flow wp-block-post-content-is-layout-flow\">\n<p>Personel<\/p>\n<\/div>\n<\/div><\/div><\/div>\n<\/div>\n<\/div><\/div><\/div>\n\n<div class=\"gb-grid-column gb-grid-column-25cc85f7 gb-query-loop-item post-9159 team type-team status-publish has-post-thumbnail hentry team_category-ok\"><div class=\"gb-container gb-container-25cc85f7\"><div class=\"gb-inside-container\">\n<div class=\"gb-grid-wrapper gb-grid-wrapper-66da7eb1\">\n<div class=\"gb-grid-column gb-grid-column-0bca31f6\"><div class=\"gb-container gb-container-0bca31f6\" style=\"background-image: url(https:\/\/100km.ch\/wp-content\/uploads\/Screenshot_20241121_065245_Gallery-1-768x1664.jpg);\"><div class=\"gb-inside-container\"><\/div><\/div><\/div>\n\n<div class=\"gb-grid-column gb-grid-column-d51a8717\"><div class=\"gb-container gb-container-d51a8717\"><div class=\"gb-inside-container\">\n<h6 class=\"gb-headline gb-headline-04e4b886 gb-headline-text\">Cinthya Hayoz<\/h6>\n\n<div class=\"entry-content wp-block-post-content is-layout-flow wp-block-post-content-is-layout-flow\">\n<p>Ravitaillement<\/p>\n<\/div>\n<\/div><\/div><\/div>\n<\/div>\n<\/div><\/div><\/div>\n<\/div>\n\n<\/div><div class=\"gb-shapes\"><div class=\"gb-shape gb-shape-1\"><svg xmlns=\"http:\/\/www.w3.org\/2000\/svg\" viewBox=\"0 0 1200 70\" preserveAspectRatio=\"none\"><path d=\"M670 50L600 0l-70 50H0v20h1200V50z\"\/><\/svg><\/div><\/div><\/div>","protected":false},"excerpt":{"rendered":"<p>Derri\u00e8re l&rsquo;organisation des Courses de Bienne se cachent d&rsquo;innombrables b\u00e9n\u00e9voles qui travaillent toute l&rsquo;ann\u00e9e sur cet \u00e9v\u00e9nement afin d&rsquo;offrir aux coureurs et aux coureuses une nuit des nuits inoubliable. La planification, la conception et la r\u00e9alisation sont \u00e9labor\u00e9es par une \u00e9quipe centrale compos\u00e9e du comit\u00e9 directeur de 4 personnes et de l&rsquo;ensemble du comit\u00e9 d&rsquo;organisation&#8230;.<\/p>\n","protected":false},"author":1,"featured_media":6879,"parent":0,"menu_order":0,"comment_status":"closed","ping_status":"closed","template":"","meta":{"_acf_changed":false,"_eb_attr":"","_kad_blocks_custom_css":"","_kad_blocks_head_custom_js":"","_kad_blocks_body_custom_js":"","_kad_blocks_footer_custom_js":"","_kad_post_transparent":"","_kad_post_title":"","_kad_post_layout":"","_kad_post_sidebar_id":"","_kad_post_content_style":"","_kad_post_vertical_padding":"","_kad_post_feature":"","_kad_post_feature_position":"","_kad_post_header":false,"_kad_post_footer":false,"_kad_post_classname":"","footnotes":""},"categories":[],"class_list":["post-3786","page","type-page","status-publish","has-post-thumbnail","hentry"],"acf":[],"taxonomy_info":[],"featured_image_src_large":["https:\/\/100km.ch\/wp-content\/uploads\/web_DSC_0965-1024x682.webp",1024,682,true],"author_info":{"display_name":"marcelheiniger","author_link":"https:\/\/100km.ch\/fr\/author\/marcelheiniger\/"},"comment_info":0,"_links":{"self":[{"href":"https:\/\/100km.ch\/fr\/wp-json\/wp\/v2\/pages\/3786","targetHints":{"allow":["GET"]}}],"collection":[{"href":"https:\/\/100km.ch\/fr\/wp-json\/wp\/v2\/pages"}],"about":[{"href":"https:\/\/100km.ch\/fr\/wp-json\/wp\/v2\/types\/page"}],"author":[{"embeddable":true,"href":"https:\/\/100km.ch\/fr\/wp-json\/wp\/v2\/users\/1"}],"replies":[{"embeddable":true,"href":"https:\/\/100km.ch\/fr\/wp-json\/wp\/v2\/comments?post=3786"}],"version-history":[{"count":11,"href":"https:\/\/100km.ch\/fr\/wp-json\/wp\/v2\/pages\/3786\/revisions"}],"predecessor-version":[{"id":9379,"href":"https:\/\/100km.ch\/fr\/wp-json\/wp\/v2\/pages\/3786\/revisions\/9379"}],"wp:featuredmedia":[{"embeddable":true,"href":"https:\/\/100km.ch\/fr\/wp-json\/wp\/v2\/media\/6879"}],"wp:attachment":[{"href":"https:\/\/100km.ch\/fr\/wp-json\/wp\/v2\/media?parent=3786"}],"wp:term":[{"taxonomy":"category","embeddable":true,"href":"https:\/\/100km.ch\/fr\/wp-json\/wp\/v2\/categories?post=3786"}],"curies":[{"name":"wp","href":"https:\/\/api.w.org\/{rel}","templated":true}]}}