{"id":4555,"date":"2022-09-28T23:24:24","date_gmt":"2022-09-28T22:24:24","guid":{"rendered":"https:\/\/100.webdev4u.info\/kids\/"},"modified":"2026-04-09T11:03:53","modified_gmt":"2026-04-09T10:03:53","slug":"kids","status":"publish","type":"page","link":"https:\/\/100km.ch\/fr\/kids\/","title":{"rendered":"Coop Kids Run"},"content":{"rendered":"<div class=\"gb-container gb-container-d52e32ae\"><div class=\"gb-inside-container\">\n\n<h3 class=\"wp-block-heading\">Coop Kids Run | 06.06.2026<\/h3>\n\n\n\n<p>La Coop Kids Run fait partie int\u00e9grante des Courses de Bienne et enthousiasme chaque ann\u00e9e les jeunes coureurs. Afin d&rsquo;int\u00e9grer cet \u00e9v\u00e9nement particulier dans l&rsquo;exp\u00e9rience globale des Courses de Bienne, la Coop Kids Run aura lieu le samedi matin. Pendant que les enfants donneront tout sur le parcours, les coureurs des 100 km seront accueillis \u00e0 l&rsquo;arriv\u00e9e &#8211; un moment unique qui r\u00e9unit les g\u00e9n\u00e9rations. R\u00e9jouissons-nous ensemble de vivre des moments \u00e9mouvants et des exp\u00e9riences inoubliables !   <\/p>\n\n\n\n<p>Cette ann\u00e9e \u00e9tant plac\u00e9e sous le signe de l\u2019optimisation des Courses de Bienne, nous avons, suite aux d\u00e9fis rencontr\u00e9s l\u2019an dernier, \u00e9galement fait \u00e9voluer de mani\u00e8re cibl\u00e9e le Coop Kids Run.<\/p>\n\n\n\n<p>La course se d\u00e9roulera d\u00e9sormais sur un parcours r\u00e9am\u00e9nag\u00e9 et selon un d\u00e9roulement clairement structur\u00e9 \u2013 pour une exp\u00e9rience plus agr\u00e9able et harmonieuse pour tous les participants.<\/p>\n\n\n\n<p><\/p>\n\n\n<style>.kt-accordion-id51_ab54a1-5b .kt-accordion-inner-wrap{column-gap:var(--global-kb-gap-md, 2rem);row-gap:0px;}.kt-accordion-id51_ab54a1-5b .kt-accordion-panel-inner{border-top:0px solid transparent;border-right:0px solid transparent;border-bottom:0px solid transparent;border-left:0px solid transparent;padding-top:var(--global-kb-spacing-sm, 1.5rem);padding-right:var(--global-kb-spacing-sm, 1.5rem);padding-bottom:var(--global-kb-spacing-sm, 1.5rem);padding-left:var(--global-kb-spacing-sm, 1.5rem);}.kt-accordion-id51_ab54a1-5b .wp-block-kadence-pane .kt-accordion-header-wrap .kt-blocks-accordion-header{border-top:0px solid #f2f2f2;border-right:0px solid #f2f2f2;border-bottom:0px solid #f2f2f2;border-left:0px solid #f2f2f2;border-top-left-radius:0px;border-top-right-radius:0px;border-bottom-right-radius:0px;border-bottom-left-radius:0px;background:#f2f2f2;color:#555555;padding-top:10px;padding-right:14px;padding-bottom:10px;padding-left:14px;}.kt-accordion-id51_ab54a1-5b:not( .kt-accodion-icon-style-basiccircle ):not( .kt-accodion-icon-style-xclosecircle ):not( .kt-accodion-icon-style-arrowcircle ) .kt-blocks-accordion-icon-trigger:after, .kt-accordion-id51_ab54a1-5b:not( .kt-accodion-icon-style-basiccircle ):not( .kt-accodion-icon-style-xclosecircle ):not( .kt-accodion-icon-style-arrowcircle ) .kt-blocks-accordion-icon-trigger:before{background:#555555;}.kt-accordion-id51_ab54a1-5b:not( .kt-accodion-icon-style-basic ):not( .kt-accodion-icon-style-xclose ):not( .kt-accodion-icon-style-arrow ) .kt-blocks-accordion-icon-trigger{background:#555555;}.kt-accordion-id51_ab54a1-5b:not( .kt-accodion-icon-style-basic ):not( .kt-accodion-icon-style-xclose ):not( .kt-accodion-icon-style-arrow ) .kt-blocks-accordion-icon-trigger:after, .kt-accordion-id51_ab54a1-5b:not( .kt-accodion-icon-style-basic ):not( .kt-accodion-icon-style-xclose ):not( .kt-accodion-icon-style-arrow ) .kt-blocks-accordion-icon-trigger:before{background:#f2f2f2;}.kt-accordion-id51_ab54a1-5b .kt-accordion-header-wrap .kt-blocks-accordion-header:hover, body:not(.hide-focus-outline) .kt-accordion-id51_ab54a1-5b .kt-accordion-header-wrap .kt-blocks-accordion-header:focus-visible{color:#444444;background:#eeeeee;border-top-color:#eeeeee;border-top-style:solid;border-right-color:#eeeeee;border-right-style:solid;border-bottom-color:#eeeeee;border-bottom-style:solid;border-left-color:#eeeeee;border-left-style:solid;}.kt-accordion-id51_ab54a1-5b:not( .kt-accodion-icon-style-basiccircle ):not( .kt-accodion-icon-style-xclosecircle ):not( .kt-accodion-icon-style-arrowcircle ) .kt-blocks-accordion-header:hover .kt-blocks-accordion-icon-trigger:after, .kt-accordion-id51_ab54a1-5b:not( .kt-accodion-icon-style-basiccircle ):not( .kt-accodion-icon-style-xclosecircle ):not( .kt-accodion-icon-style-arrowcircle ) .kt-blocks-accordion-header:hover .kt-blocks-accordion-icon-trigger:before, body:not(.hide-focus-outline) .kt-accordion-id51_ab54a1-5b:not( .kt-accodion-icon-style-basiccircle ):not( .kt-accodion-icon-style-xclosecircle ):not( .kt-accodion-icon-style-arrowcircle ) .kt-blocks-accordion--visible .kt-blocks-accordion-icon-trigger:after, body:not(.hide-focus-outline) .kt-accordion-id51_ab54a1-5b:not( .kt-accodion-icon-style-basiccircle ):not( .kt-accodion-icon-style-xclosecircle ):not( .kt-accodion-icon-style-arrowcircle ) .kt-blocks-accordion-header:focus-visible .kt-blocks-accordion-icon-trigger:before{background:#444444;}.kt-accordion-id51_ab54a1-5b:not( .kt-accodion-icon-style-basic ):not( .kt-accodion-icon-style-xclose ):not( .kt-accodion-icon-style-arrow ) .kt-blocks-accordion-header:hover .kt-blocks-accordion-icon-trigger, body:not(.hide-focus-outline) .kt-accordion-id51_ab54a1-5b:not( .kt-accodion-icon-style-basic ):not( .kt-accodion-icon-style-xclose ):not( .kt-accodion-icon-style-arrow ) .kt-blocks-accordion-header:focus-visible .kt-blocks-accordion-icon-trigger{background:#444444;}.kt-accordion-id51_ab54a1-5b:not( .kt-accodion-icon-style-basic ):not( .kt-accodion-icon-style-xclose ):not( .kt-accodion-icon-style-arrow ) .kt-blocks-accordion-header:hover .kt-blocks-accordion-icon-trigger:after, .kt-accordion-id51_ab54a1-5b:not( .kt-accodion-icon-style-basic ):not( .kt-accodion-icon-style-xclose ):not( .kt-accodion-icon-style-arrow ) .kt-blocks-accordion-header:hover .kt-blocks-accordion-icon-trigger:before, body:not(.hide-focus-outline) .kt-accordion-id51_ab54a1-5b:not( .kt-accodion-icon-style-basic ):not( .kt-accodion-icon-style-xclose ):not( .kt-accodion-icon-style-arrow ) .kt-blocks-accordion-header:focus-visible .kt-blocks-accordion-icon-trigger:after, body:not(.hide-focus-outline) .kt-accordion-id51_ab54a1-5b:not( .kt-accodion-icon-style-basic ):not( .kt-accodion-icon-style-xclose ):not( .kt-accodion-icon-style-arrow ) .kt-blocks-accordion-header:focus-visible .kt-blocks-accordion-icon-trigger:before{background:#eeeeee;}.kt-accordion-id51_ab54a1-5b .kt-accordion-header-wrap .kt-blocks-accordion-header:focus-visible, .kt-accordion-id51_ab54a1-5b .kt-accordion-header-wrap .kt-blocks-accordion-header.kt-accordion-panel-active{color:#ffffff;background:#444444;border-top-color:#444444;border-top-style:solid;border-right-color:#444444;border-right-style:solid;border-bottom-color:#444444;border-bottom-style:solid;border-left-color:#444444;border-left-style:solid;}.kt-accordion-id51_ab54a1-5b:not( .kt-accodion-icon-style-basiccircle ):not( .kt-accodion-icon-style-xclosecircle ):not( .kt-accodion-icon-style-arrowcircle ) .kt-blocks-accordion-header.kt-accordion-panel-active .kt-blocks-accordion-icon-trigger:after, .kt-accordion-id51_ab54a1-5b:not( .kt-accodion-icon-style-basiccircle ):not( .kt-accodion-icon-style-xclosecircle ):not( .kt-accodion-icon-style-arrowcircle ) .kt-blocks-accordion-header.kt-accordion-panel-active .kt-blocks-accordion-icon-trigger:before{background:#ffffff;}.kt-accordion-id51_ab54a1-5b:not( .kt-accodion-icon-style-basic ):not( .kt-accodion-icon-style-xclose ):not( .kt-accodion-icon-style-arrow ) .kt-blocks-accordion-header.kt-accordion-panel-active .kt-blocks-accordion-icon-trigger{background:#ffffff;}.kt-accordion-id51_ab54a1-5b:not( .kt-accodion-icon-style-basic ):not( .kt-accodion-icon-style-xclose ):not( .kt-accodion-icon-style-arrow ) .kt-blocks-accordion-header.kt-accordion-panel-active .kt-blocks-accordion-icon-trigger:after, .kt-accordion-id51_ab54a1-5b:not( .kt-accodion-icon-style-basic ):not( .kt-accodion-icon-style-xclose ):not( .kt-accodion-icon-style-arrow ) .kt-blocks-accordion-header.kt-accordion-panel-active .kt-blocks-accordion-icon-trigger:before{background:#444444;}@media all and (max-width: 1024px){.kt-accordion-id51_ab54a1-5b .kt-accordion-panel-inner{border-top:0px solid transparent;border-right:0px solid transparent;border-bottom:0px solid transparent;border-left:0px solid transparent;}}@media all and (max-width: 1024px){.kt-accordion-id51_ab54a1-5b .wp-block-kadence-pane .kt-accordion-header-wrap .kt-blocks-accordion-header{border-top:0px solid #f2f2f2;border-right:0px solid #f2f2f2;border-bottom:0px solid #f2f2f2;border-left:0px solid #f2f2f2;}}@media all and (max-width: 1024px){.kt-accordion-id51_ab54a1-5b .kt-accordion-header-wrap .kt-blocks-accordion-header:hover, body:not(.hide-focus-outline) .kt-accordion-id51_ab54a1-5b .kt-accordion-header-wrap .kt-blocks-accordion-header:focus-visible{border-top-color:#eeeeee;border-top-style:solid;border-right-color:#eeeeee;border-right-style:solid;border-bottom-color:#eeeeee;border-bottom-style:solid;border-left-color:#eeeeee;border-left-style:solid;}}@media all and (max-width: 1024px){.kt-accordion-id51_ab54a1-5b .kt-accordion-header-wrap .kt-blocks-accordion-header:focus-visible, .kt-accordion-id51_ab54a1-5b .kt-accordion-header-wrap .kt-blocks-accordion-header.kt-accordion-panel-active{border-top-color:#444444;border-top-style:solid;border-right-color:#444444;border-right-style:solid;border-bottom-color:#444444;border-bottom-style:solid;border-left-color:#444444;border-left-style:solid;}}@media all and (max-width: 767px){.kt-accordion-id51_ab54a1-5b .kt-accordion-inner-wrap{display:block;}.kt-accordion-id51_ab54a1-5b .kt-accordion-inner-wrap .kt-accordion-pane:not(:first-child){margin-top:0px;}.kt-accordion-id51_ab54a1-5b .kt-accordion-panel-inner{border-top:0px solid transparent;border-right:0px solid transparent;border-bottom:0px solid transparent;border-left:0px solid transparent;}.kt-accordion-id51_ab54a1-5b .wp-block-kadence-pane .kt-accordion-header-wrap .kt-blocks-accordion-header{border-top:0px solid #f2f2f2;border-right:0px solid #f2f2f2;border-bottom:0px solid #f2f2f2;border-left:0px solid #f2f2f2;}.kt-accordion-id51_ab54a1-5b .kt-accordion-header-wrap .kt-blocks-accordion-header:hover, body:not(.hide-focus-outline) .kt-accordion-id51_ab54a1-5b .kt-accordion-header-wrap .kt-blocks-accordion-header:focus-visible{border-top-color:#eeeeee;border-top-style:solid;border-right-color:#eeeeee;border-right-style:solid;border-bottom-color:#eeeeee;border-bottom-style:solid;border-left-color:#eeeeee;border-left-style:solid;}.kt-accordion-id51_ab54a1-5b .kt-accordion-header-wrap .kt-blocks-accordion-header:focus-visible, .kt-accordion-id51_ab54a1-5b .kt-accordion-header-wrap .kt-blocks-accordion-header.kt-accordion-panel-active{border-top-color:#444444;border-top-style:solid;border-right-color:#444444;border-right-style:solid;border-bottom-color:#444444;border-bottom-style:solid;border-left-color:#444444;border-left-style:solid;}}<\/style>\n<div class=\"wp-block-kadence-accordion alignnone\"><div class=\"kt-accordion-wrap kt-accordion-id51_ab54a1-5b kt-accordion-has-7-panes kt-active-pane-0 kt-accordion-block kt-pane-header-alignment-left kt-accodion-icon-style-basic kt-accodion-icon-side-right\" style=\"max-width:none\"><div class=\"kt-accordion-inner-wrap\" data-allow-multiple-open=\"false\" data-start-open=\"none\">\n<div class=\"wp-block-kadence-pane kt-accordion-pane kt-accordion-pane-1 kt-pane51_4e1f43-2a\"><div class=\"kt-accordion-header-wrap\"><button class=\"kt-blocks-accordion-header kt-acccordion-button-label-show\" type=\"button\"><span class=\"kt-blocks-accordion-title-wrap\"><span class=\"kt-blocks-accordion-title\">Distances<\/span><\/span><span class=\"kt-blocks-accordion-icon-trigger\"><\/span><\/button><\/div><div class=\"kt-accordion-panel kt-accordion-panel-hidden\"><div class=\"kt-accordion-panel-inner\">\n<p>Parcours court : env. 250m<br\/>Parcours normal : env. 1000m<br\/><br\/>Les plans de parcours d\u00e9finitifs seront bient\u00f4t \u00e9tablis et communiqu\u00e9s d\u00e8s que possible.<\/p>\n<\/div><\/div><\/div>\n\n\n\n<div class=\"wp-block-kadence-pane kt-accordion-pane kt-accordion-pane-6 kt-pane51_f7d12c-63\"><div class=\"kt-accordion-header-wrap\"><button class=\"kt-blocks-accordion-header kt-acccordion-button-label-show\" type=\"button\"><span class=\"kt-blocks-accordion-title-wrap\"><span class=\"kt-blocks-accordion-title\">Cat\u00e9gories<\/span><\/span><span class=\"kt-blocks-accordion-icon-trigger\"><\/span><\/button><\/div><div class=\"kt-accordion-panel kt-accordion-panel-hidden\"><div class=\"kt-accordion-panel-inner\">\n<div class=\"wp-block-group is-nowrap is-layout-flex wp-container-core-group-is-layout-ad2f72ca wp-block-group-is-layout-flex\">\n<figure class=\"wp-block-table is-style-regular\"><table><tbody><tr><td><strong>Cat\u00e9gorie<\/strong><\/td><td><strong>Mill\u00e9simes<\/strong><\/td><td><strong>Distance<\/strong><\/td><\/tr><tr><td>U6 avec accompagnement<\/td><td>2021 et plus jeunes<\/td><td>courte<\/td><\/tr><tr><td>U6<\/td><td>2021 et plus jeunes<\/td><td>courte<\/td><\/tr><tr><td>U8<\/td><td>2019 + 2020<\/td><td>courte<\/td><\/tr><tr><td>U10<\/td><td>2017 + 2018<\/td><td>long<\/td><\/tr><tr><td>U12<\/td><td>2015 + 2016<\/td><td>long<\/td><\/tr><tr><td>U14<\/td><td>2013 + 2014<\/td><td>long<\/td><\/tr><tr><td>U16<\/td><td>2011 +2012<\/td><td>long<\/td><\/tr><\/tbody><\/table><\/figure>\n\n\n\n<p><\/p>\n<\/div>\n<\/div><\/div><\/div>\n\n\n\n<div class=\"wp-block-kadence-pane kt-accordion-pane kt-accordion-pane-2 kt-pane51_d5e128-fa\"><div class=\"kt-accordion-header-wrap\"><button class=\"kt-blocks-accordion-header kt-acccordion-button-label-show\" type=\"button\"><span class=\"kt-blocks-accordion-title-wrap\"><span class=\"kt-blocks-accordion-title\">Frais d&rsquo;inscription<\/span><\/span><span class=\"kt-blocks-accordion-icon-trigger\"><\/span><\/button><\/div><div class=\"kt-accordion-panel kt-accordion-panel-hidden\"><div class=\"kt-accordion-panel-inner\">\n<p>01.11. 01.11. &#8211; 06.06.2026 CHF20.00<\/p>\n<\/div><\/div><\/div>\n\n\n\n<div class=\"wp-block-kadence-pane kt-accordion-pane kt-accordion-pane-5 kt-pane51_6d125f-26\"><div class=\"kt-accordion-header-wrap\"><button class=\"kt-blocks-accordion-header kt-acccordion-button-label-show\" type=\"button\"><span class=\"kt-blocks-accordion-title-wrap\"><span class=\"kt-blocks-accordion-title\">Heures de d\u00e9part<\/span><\/span><span class=\"kt-blocks-accordion-icon-trigger\"><\/span><\/button><\/div><div class=\"kt-accordion-panel kt-accordion-panel-hidden\"><div class=\"kt-accordion-panel-inner\">\n<p>Les courses d\u00e9buteront le 6 juin 2026 entre 11h00 et 14h00.<\/p>\n<\/div><\/div><\/div>\n\n\n\n<div class=\"wp-block-kadence-pane kt-accordion-pane kt-accordion-pane-3 kt-pane51_e81e8d-46\"><div class=\"kt-accordion-header-wrap\"><button class=\"kt-blocks-accordion-header kt-acccordion-button-label-show\" type=\"button\"><span class=\"kt-blocks-accordion-title-wrap\"><span class=\"kt-blocks-accordion-title\">T-shirt<\/span><\/span><span class=\"kt-blocks-accordion-icon-trigger\"><\/span><\/button><\/div><div class=\"kt-accordion-panel kt-accordion-panel-hidden\"><div class=\"kt-accordion-panel-inner\">\n<p>Le t-shirt est inclus dans les frais d&rsquo;inscription. Le T-shirt peut \u00eatre retir\u00e9 avant ou apr\u00e8s la course au stand de distribution des T-shirts sur la Place Publique.<\/p>\n<\/div><\/div><\/div>\n\n\n\n<div class=\"wp-block-kadence-pane kt-accordion-pane kt-accordion-pane-4 kt-pane51_06bf69-05\"><div class=\"kt-accordion-header-wrap\"><button class=\"kt-blocks-accordion-header kt-acccordion-button-label-show\" type=\"button\"><span class=\"kt-blocks-accordion-title-wrap\"><span class=\"kt-blocks-accordion-title\">M\u00e9daille et Goodie Bag<\/span><\/span><span class=\"kt-blocks-accordion-icon-trigger\"><\/span><\/button><\/div><div class=\"kt-accordion-panel kt-accordion-panel-hidden\"><div class=\"kt-accordion-panel-inner\">\n<p>La m\u00e9daille et un goodie bag sont inclus dans les frais d&rsquo;inscription. Les deux seront remis dans l&rsquo;aire d&rsquo;arriv\u00e9e apr\u00e8s le passage de la ligne d&rsquo;arriv\u00e9e. <\/p>\n<\/div><\/div><\/div>\n\n\n\n<div class=\"wp-block-kadence-pane kt-accordion-pane kt-accordion-pane-7 kt-pane51_a90fa4-17\"><div class=\"kt-accordion-header-wrap\"><button class=\"kt-blocks-accordion-header kt-acccordion-button-label-show\" type=\"button\"><span class=\"kt-blocks-accordion-title-wrap\"><span class=\"kt-blocks-accordion-title\">accompagnement des enfants<\/span><\/span><span class=\"kt-blocks-accordion-icon-trigger\"><\/span><\/button><\/div><div class=\"kt-accordion-panel kt-accordion-panel-hidden\"><div class=\"kt-accordion-panel-inner\">\n<p>Dans la cat\u00e9gorie U6 avec accompagnement, les enfants peuvent \u00eatre accompagn\u00e9s par leurs parents ou par une autre personne. Dans toutes les autres cat\u00e9gories, les parents ou accompagnateurs ne sont pas autoris\u00e9s sur le parcours. <\/p>\n<\/div><\/div><\/div>\n<\/div><\/div><\/div>\n\n\n<div class=\"gb-container gb-container-6608a37d\">\n\n<p><\/p>\n\n<\/div>\n\n\n<p><\/p>\n\n\n\n<p><\/p>\n\n\n<div class=\"gb-container gb-container-6d97ab36\">\n<div class=\"gb-container gb-container-15257dcc\">\n<style>.kb-image51_3453e3-2a.kb-image-is-ratio-size, .kb-image51_3453e3-2a .kb-image-is-ratio-size{max-width:158px;width:100%;}.wp-block-kadence-column > .kt-inside-inner-col > .kb-image51_3453e3-2a.kb-image-is-ratio-size, .wp-block-kadence-column > .kt-inside-inner-col > .kb-image51_3453e3-2a .kb-image-is-ratio-size{align-self:unset;}.kb-image51_3453e3-2a{max-width:158px;}.image-is-svg.kb-image51_3453e3-2a{-webkit-flex:0 1 100%;flex:0 1 100%;}.image-is-svg.kb-image51_3453e3-2a img{width:100%;}.kb-image51_3453e3-2a .kb-image-has-overlay:after{opacity:0.3;}<\/style>\n<figure class=\"wp-block-kadence-image kb-image51_3453e3-2a size-large\"><img loading=\"lazy\" decoding=\"async\" width=\"1024\" height=\"1024\" src=\"https:\/\/100km.ch\/wp-content\/uploads\/Logo_Coop_Kids_Run-1024x1024.png\" alt=\"\" class=\"kb-img wp-image-5270\" srcset=\"https:\/\/100km.ch\/wp-content\/uploads\/Logo_Coop_Kids_Run-1024x1024.png 1024w, https:\/\/100km.ch\/wp-content\/uploads\/Logo_Coop_Kids_Run-300x300.png 300w, https:\/\/100km.ch\/wp-content\/uploads\/Logo_Coop_Kids_Run-150x150.png 150w, https:\/\/100km.ch\/wp-content\/uploads\/Logo_Coop_Kids_Run-768x768.png 768w, https:\/\/100km.ch\/wp-content\/uploads\/Logo_Coop_Kids_Run-1536x1536.png 1536w, https:\/\/100km.ch\/wp-content\/uploads\/Logo_Coop_Kids_Run-2048x2048.png 2048w\" sizes=\"auto, (max-width: 1024px) 100vw, 1024px\" \/><\/figure>\n\n<\/div>\n<\/div>\n\n<style>.wp-block-kadence-advancedgallery.kb-gallery-wrap-id-51_6f36f7-a2{overflow:hidden;}.kb-gallery-type-carousel.kb-gallery-id-51_6f36f7-a2 .kt-blocks-carousel .kt-blocks-carousel-init:not( .splide-initialized ){margin-left:-5px;margin-right:-5px;}.kb-gallery-type-carousel.kb-gallery-id-51_6f36f7-a2 .kt-blocks-carousel .kt-blocks-carousel-init:not( .splide-initialized ) .kb-slide-item{padding-left:5px;padding-right:5px;}.kb-gallery-id-51_6f36f7-a2 .kadence-blocks-gallery-item .kb-gal-image-radius, .kb-gallery-id-51_6f36f7-a2 .kb-slide-item .kb-gal-image-radius img{border-radius:0px 0px 0px 0px;;}<\/style><div class=\"kb-gallery-wrap-id-51_6f36f7-a2 alignnone wp-block-kadence-advancedgallery\"><div class=\"kb-gallery-ul kb-gallery-non-static kb-gallery-type-carousel kb-gallery-id-51_6f36f7-a2 kb-gallery-caption-style-bottom-hover kb-gallery-filter-none\" data-image-filter=\"none\" data-lightbox-caption=\"true\"><div class=\"kt-blocks-carousel kt-carousel-container-dotstyle-dark\"><div class=\"kt-blocks-carousel-init kb-gallery-carousel kt-carousel-arrowstyle-whiteondark kt-carousel-dotstyle-dark\" data-columns-xxl=\"3\" data-columns-xl=\"3\" data-columns-md=\"3\" data-columns-sm=\"2\" data-columns-xs=\"1\" data-columns-ss=\"1\" data-slider-anim-speed=\"400\" data-slider-scroll=\"1\" data-slider-arrows=\"true\" data-slider-dots=\"true\" data-slider-hover-pause=\"false\" data-slider-auto=\"\" data-slider-speed=\"7000\" data-slider-gap=\"10px\" data-slider-gap-tablet=\"10px\" data-slider-gap-mobile=\"10px\" aria-label=\"Photo Gallery Carousel\"><div class=\"kb-slide-item kb-gallery-carousel-item\"><div class=\"kadence-blocks-gallery-item\"><div class=\"kadence-blocks-gallery-item-inner\"><figure class=\"kb-gallery-figure kadence-blocks-gallery-item-hide-caption\" \"><div class=\"kb-gal-image-radius\"><div class=\"kb-gallery-image-contain kadence-blocks-gallery-intrinsic kb-gallery-image-ratio-land32 kb-has-image-ratio-land32\" ><img loading=\"lazy\" decoding=\"async\" src=\"https:\/\/100km.ch\/wp-content\/uploads\/Impressionen-2022-img-25-1024x683.jpg\" width=\"1024\" height=\"683\" alt=\"\" data-full-image=\"https:\/\/100km.ch\/wp-content\/uploads\/Impressionen-2022-img-25.jpg\" data-light-image=\"https:\/\/100km.ch\/wp-content\/uploads\/Impressionen-2022-img-25.jpg\" data-id=\"1767\" class=\"wp-image-1767 skip-lazy\" srcset=\"https:\/\/100km.ch\/wp-content\/uploads\/Impressionen-2022-img-25-1024x683.jpg 1024w, https:\/\/100km.ch\/wp-content\/uploads\/Impressionen-2022-img-25-300x200.jpg 300w, https:\/\/100km.ch\/wp-content\/uploads\/Impressionen-2022-img-25-768x512.jpg 768w, https:\/\/100km.ch\/wp-content\/uploads\/Impressionen-2022-img-25-1536x1024.jpg 1536w, https:\/\/100km.ch\/wp-content\/uploads\/Impressionen-2022-img-25.jpg 1600w\" sizes=\"auto, (max-width: 1024px) 100vw, 1024px\" \/><\/div><\/div><\/figure><\/div><\/div><\/div><div class=\"kb-slide-item kb-gallery-carousel-item\"><div class=\"kadence-blocks-gallery-item\"><div class=\"kadence-blocks-gallery-item-inner\"><figure class=\"kb-gallery-figure kadence-blocks-gallery-item-hide-caption\" \"><div class=\"kb-gal-image-radius\"><div class=\"kb-gallery-image-contain kadence-blocks-gallery-intrinsic kb-gallery-image-ratio-land32 kb-has-image-ratio-land32\" ><img loading=\"lazy\" decoding=\"async\" src=\"https:\/\/100km.ch\/wp-content\/uploads\/Impressionen-2022-img-24-1024x683.jpg\" width=\"1024\" height=\"683\" alt=\"\" data-full-image=\"https:\/\/100km.ch\/wp-content\/uploads\/Impressionen-2022-img-24.jpg\" data-light-image=\"https:\/\/100km.ch\/wp-content\/uploads\/Impressionen-2022-img-24.jpg\" data-id=\"1768\" class=\"wp-image-1768 skip-lazy\" srcset=\"https:\/\/100km.ch\/wp-content\/uploads\/Impressionen-2022-img-24-1024x683.jpg 1024w, https:\/\/100km.ch\/wp-content\/uploads\/Impressionen-2022-img-24-300x200.jpg 300w, https:\/\/100km.ch\/wp-content\/uploads\/Impressionen-2022-img-24-768x512.jpg 768w, https:\/\/100km.ch\/wp-content\/uploads\/Impressionen-2022-img-24-1536x1024.jpg 1536w, https:\/\/100km.ch\/wp-content\/uploads\/Impressionen-2022-img-24.jpg 1600w\" sizes=\"auto, (max-width: 1024px) 100vw, 1024px\" \/><\/div><\/div><\/figure><\/div><\/div><\/div><div class=\"kb-slide-item kb-gallery-carousel-item\"><div class=\"kadence-blocks-gallery-item\"><div class=\"kadence-blocks-gallery-item-inner\"><figure class=\"kb-gallery-figure kadence-blocks-gallery-item-hide-caption\" \"><div class=\"kb-gal-image-radius\"><div class=\"kb-gallery-image-contain kadence-blocks-gallery-intrinsic kb-gallery-image-ratio-land32 kb-has-image-ratio-land32\" ><img loading=\"lazy\" decoding=\"async\" src=\"https:\/\/100km.ch\/wp-content\/uploads\/Impressionen-2022-img-23-1024x683.jpg\" width=\"1024\" height=\"683\" alt=\"\" data-full-image=\"https:\/\/100km.ch\/wp-content\/uploads\/Impressionen-2022-img-23.jpg\" data-light-image=\"https:\/\/100km.ch\/wp-content\/uploads\/Impressionen-2022-img-23.jpg\" data-id=\"1744\" class=\"wp-image-1744 skip-lazy\" srcset=\"https:\/\/100km.ch\/wp-content\/uploads\/Impressionen-2022-img-23-1024x683.jpg 1024w, https:\/\/100km.ch\/wp-content\/uploads\/Impressionen-2022-img-23-300x200.jpg 300w, https:\/\/100km.ch\/wp-content\/uploads\/Impressionen-2022-img-23-768x512.jpg 768w, https:\/\/100km.ch\/wp-content\/uploads\/Impressionen-2022-img-23-1536x1024.jpg 1536w, https:\/\/100km.ch\/wp-content\/uploads\/Impressionen-2022-img-23.jpg 1600w\" sizes=\"auto, (max-width: 1024px) 100vw, 1024px\" \/><\/div><\/div><\/figure><\/div><\/div><\/div><div class=\"kb-slide-item kb-gallery-carousel-item\"><div class=\"kadence-blocks-gallery-item\"><div class=\"kadence-blocks-gallery-item-inner\"><figure class=\"kb-gallery-figure kadence-blocks-gallery-item-hide-caption\" \"><div class=\"kb-gal-image-radius\"><div class=\"kb-gallery-image-contain kadence-blocks-gallery-intrinsic kb-gallery-image-ratio-land32 kb-has-image-ratio-land32\" ><img loading=\"lazy\" decoding=\"async\" src=\"https:\/\/100km.ch\/wp-content\/uploads\/y8dMR.jpg\" width=\"288\" height=\"192\" alt=\"\" data-full-image=\"https:\/\/100km.ch\/wp-content\/uploads\/y8dMR.jpg\" data-light-image=\"https:\/\/100km.ch\/wp-content\/uploads\/y8dMR.jpg\" data-id=\"770\" class=\"wp-image-770 skip-lazy\"\/><\/div><\/div><\/figure><\/div><\/div><\/div><\/div><\/div><\/div><\/div>\n<\/div><\/div>","protected":false},"excerpt":{"rendered":"<p>Coop Kids Run | 06.06.2026 La Coop Kids Run fait partie int\u00e9grante des Courses de Bienne et enthousiasme chaque ann\u00e9e les jeunes coureurs. Afin d&rsquo;int\u00e9grer cet \u00e9v\u00e9nement particulier dans l&rsquo;exp\u00e9rience globale des Courses de Bienne, la Coop Kids Run aura lieu le samedi matin. Pendant que les enfants donneront tout sur le parcours, les coureurs&#8230;<\/p>\n","protected":false},"author":1,"featured_media":8680,"parent":0,"menu_order":30,"comment_status":"closed","ping_status":"closed","template":"","meta":{"_acf_changed":false,"_eb_attr":"","_kad_blocks_custom_css":"","_kad_blocks_head_custom_js":"","_kad_blocks_body_custom_js":"","_kad_blocks_footer_custom_js":"","_kad_post_transparent":"","_kad_post_title":"","_kad_post_layout":"","_kad_post_sidebar_id":"","_kad_post_content_style":"","_kad_post_vertical_padding":"","_kad_post_feature":"","_kad_post_feature_position":"","_kad_post_header":false,"_kad_post_footer":false,"_kad_post_classname":"","footnotes":""},"categories":[42],"class_list":["post-4555","page","type-page","status-publish","has-post-thumbnail","hentry","category-format-de-course"],"acf":[],"taxonomy_info":{"category":[{"value":42,"label":"Format de course"}]},"featured_image_src_large":["https:\/\/100km.ch\/wp-content\/uploads\/AL9_2785-1-1024x683.jpg",1024,683,true],"author_info":{"display_name":"marcelheiniger","author_link":"https:\/\/100km.ch\/fr\/author\/marcelheiniger\/"},"comment_info":0,"_links":{"self":[{"href":"https:\/\/100km.ch\/fr\/wp-json\/wp\/v2\/pages\/4555","targetHints":{"allow":["GET"]}}],"collection":[{"href":"https:\/\/100km.ch\/fr\/wp-json\/wp\/v2\/pages"}],"about":[{"href":"https:\/\/100km.ch\/fr\/wp-json\/wp\/v2\/types\/page"}],"author":[{"embeddable":true,"href":"https:\/\/100km.ch\/fr\/wp-json\/wp\/v2\/users\/1"}],"replies":[{"embeddable":true,"href":"https:\/\/100km.ch\/fr\/wp-json\/wp\/v2\/comments?post=4555"}],"version-history":[{"count":33,"href":"https:\/\/100km.ch\/fr\/wp-json\/wp\/v2\/pages\/4555\/revisions"}],"predecessor-version":[{"id":10799,"href":"https:\/\/100km.ch\/fr\/wp-json\/wp\/v2\/pages\/4555\/revisions\/10799"}],"wp:featuredmedia":[{"embeddable":true,"href":"https:\/\/100km.ch\/fr\/wp-json\/wp\/v2\/media\/8680"}],"wp:attachment":[{"href":"https:\/\/100km.ch\/fr\/wp-json\/wp\/v2\/media?parent=4555"}],"wp:term":[{"taxonomy":"category","embeddable":true,"href":"https:\/\/100km.ch\/fr\/wp-json\/wp\/v2\/categories?post=4555"}],"curies":[{"name":"wp","href":"https:\/\/api.w.org\/{rel}","templated":true}]}}