{"id":5018,"date":"2022-11-09T15:54:54","date_gmt":"2022-11-09T14:54:54","guid":{"rendered":"https:\/\/100km.ch\/dropbag\/"},"modified":"2025-10-30T11:08:40","modified_gmt":"2025-10-30T10:08:40","slug":"dropbag","status":"publish","type":"page","link":"https:\/\/100km.ch\/fr\/dropbag\/","title":{"rendered":"Dropbag"},"content":{"rendered":"\n<h2 class=\"gb-headline gb-headline-1abfd654 gb-headline-text\">Dropbag<\/h2>\n\n<p>Le dropbag est uniquement propos\u00e9 aux coureurs du 100 km. Si tu as s\u00e9lectionn\u00e9 cette option lors de ton inscription (+ CHF 5.00), tu peux d\u00e9poser ton sac vendredi \u00e0 la Tissot Arena. Il sera ensuite transport\u00e9 \u00e0 Kirchberg (zone de transition).  Tu auras la possibilit\u00e9 de r\u00e9cup\u00e9rer tes bagages \u00e0 Kirchberg. Merci de prendre en compte les points ci-dessous :<\/p>\n\n<ul class=\"wp-block-list\">\n<li>Les bagages doivent \u00eatre d\u00e9pos\u00e9s au plus tard \u00e0 21h30 au Dropbag. Si tu d\u00e9poses tes bagages \u00e0 la consigne, ils resteront \u00e0 Bienne. <\/li>\n\n\n\n<li>Une seule pi\u00e8ce de bagage par personne peut \u00eatre enregistr\u00e9e.<\/li>\n\n\n\n<li>seuls les contenants ferm\u00e9s sont accept\u00e9s (sac \u00e0 dos ou sac de sport). Les objets ouverts ne sont pas accept\u00e9s.<\/li>\n\n\n\n<li>Tes bagages seront disponibles au plus t\u00f4t samedi \u00e0 partir de 10h30 \u00e0 la consigne de la Tissot Arena.<\/li>\n\n\n\n<li>Toute responsabilit\u00e9 pour les objets d\u00e9pos\u00e9s est d\u00e9clin\u00e9e.<\/li>\n<\/ul>\n","protected":false},"excerpt":{"rendered":"<p>Dropbag Le dropbag est uniquement propos\u00e9 aux coureurs du 100 km. Si tu as s\u00e9lectionn\u00e9 cette option lors de ton inscription (+ CHF 5.00), tu peux d\u00e9poser ton sac vendredi \u00e0 la Tissot Arena. Il sera ensuite transport\u00e9 \u00e0 Kirchberg (zone de transition). Tu auras la possibilit\u00e9 de r\u00e9cup\u00e9rer tes bagages \u00e0 Kirchberg. Merci de&#8230;<\/p>\n","protected":false},"author":1,"featured_media":6516,"parent":0,"menu_order":0,"comment_status":"closed","ping_status":"closed","template":"","meta":{"_acf_changed":false,"_eb_attr":"","_kad_blocks_custom_css":"","_kad_blocks_head_custom_js":"","_kad_blocks_body_custom_js":"","_kad_blocks_footer_custom_js":"","_kad_post_transparent":"","_kad_post_title":"","_kad_post_layout":"","_kad_post_sidebar_id":"","_kad_post_content_style":"","_kad_post_vertical_padding":"","_kad_post_feature":"","_kad_post_feature_position":"","_kad_post_header":false,"_kad_post_footer":false,"_kad_post_classname":"","footnotes":""},"categories":[43],"class_list":["post-5018","page","type-page","status-publish","has-post-thumbnail","hentry","category-info-coureur"],"acf":[],"taxonomy_info":{"category":[{"value":43,"label":"info coureur"}]},"featured_image_src_large":["https:\/\/100km.ch\/wp-content\/uploads\/web_A4F_3867-1024x679.webp",1024,679,true],"author_info":{"display_name":"marcelheiniger","author_link":"https:\/\/100km.ch\/fr\/author\/marcelheiniger\/"},"comment_info":0,"_links":{"self":[{"href":"https:\/\/100km.ch\/fr\/wp-json\/wp\/v2\/pages\/5018","targetHints":{"allow":["GET"]}}],"collection":[{"href":"https:\/\/100km.ch\/fr\/wp-json\/wp\/v2\/pages"}],"about":[{"href":"https:\/\/100km.ch\/fr\/wp-json\/wp\/v2\/types\/page"}],"author":[{"embeddable":true,"href":"https:\/\/100km.ch\/fr\/wp-json\/wp\/v2\/users\/1"}],"replies":[{"embeddable":true,"href":"https:\/\/100km.ch\/fr\/wp-json\/wp\/v2\/comments?post=5018"}],"version-history":[{"count":9,"href":"https:\/\/100km.ch\/fr\/wp-json\/wp\/v2\/pages\/5018\/revisions"}],"predecessor-version":[{"id":10593,"href":"https:\/\/100km.ch\/fr\/wp-json\/wp\/v2\/pages\/5018\/revisions\/10593"}],"wp:featuredmedia":[{"embeddable":true,"href":"https:\/\/100km.ch\/fr\/wp-json\/wp\/v2\/media\/6516"}],"wp:attachment":[{"href":"https:\/\/100km.ch\/fr\/wp-json\/wp\/v2\/media?parent=5018"}],"wp:term":[{"taxonomy":"category","embeddable":true,"href":"https:\/\/100km.ch\/fr\/wp-json\/wp\/v2\/categories?post=5018"}],"curies":[{"name":"wp","href":"https:\/\/api.w.org\/{rel}","templated":true}]}}