{"id":5383,"date":"2023-02-20T17:34:58","date_gmt":"2023-02-20T16:34:58","guid":{"rendered":"https:\/\/100km.ch\/camping\/"},"modified":"2025-10-30T17:29:51","modified_gmt":"2025-10-30T16:29:51","slug":"camping","status":"publish","type":"page","link":"https:\/\/100km.ch\/fr\/camping\/","title":{"rendered":"Camping"},"content":{"rendered":"\n<h2 class=\"gb-headline gb-headline-cf6856b2 gb-headline-text\">Camping<\/h2>\n\n<p>Pour tous ceux qui viennent en caravane, un parking est disponible sur place \u00e0 la Tissot Arena. Il n&rsquo;est pas n\u00e9cessaire de s&rsquo;inscrire au pr\u00e9alable.<\/p>\n\n<p><strong>emplacement<\/strong>:<br\/><a href=\"https:\/\/maps.app.goo.gl\/XmNLcWrgaQBGpG4H8\">https:\/\/maps.app.goo.gl\/XmNLcWrgaQBGpG4H8<\/a><\/p>\n\n<p><strong>D\u00e9roulement <\/strong>:<br\/>Veuillez vous pr\u00e9senter \u00e0 <strong>l&rsquo;entr\u00e9e du parking <\/strong>ou au<strong> point d&rsquo;information<\/strong> pour acheter un permis de stationnement. Le prix est de 20,00 CHF. L&#8217;emplacement offre un acc\u00e8s \u00e0 l&rsquo;\u00e9lectricit\u00e9 (capacit\u00e9 limit\u00e9e, acc\u00e8s non garanti), mais pas \u00e0 l&rsquo;eau.  <\/p>\n\n<p><strong>Heures d&rsquo;ouverture du camping :<\/strong><br\/>Du vendredi 5 juin \u00e0 partir de 8 h jusqu&rsquo;au dimanche 7 juin \u00e0 10 h.<\/p>\n\n<p><\/p>\n","protected":false},"excerpt":{"rendered":"<p>Camping Pour tous ceux qui viennent en caravane, un parking est disponible sur place \u00e0 la Tissot Arena. Il n&rsquo;est pas n\u00e9cessaire de s&rsquo;inscrire au pr\u00e9alable. emplacement:https:\/\/maps.app.goo.gl\/XmNLcWrgaQBGpG4H8 D\u00e9roulement :Veuillez vous pr\u00e9senter \u00e0 l&rsquo;entr\u00e9e du parking ou au point d&rsquo;information pour acheter un permis de stationnement. Le prix est de 20,00 CHF. L&#8217;emplacement offre un acc\u00e8s&#8230;<\/p>\n","protected":false},"author":3,"featured_media":2160,"parent":0,"menu_order":0,"comment_status":"closed","ping_status":"closed","template":"","meta":{"_acf_changed":false,"_eb_attr":"","_kad_blocks_custom_css":"","_kad_blocks_head_custom_js":"","_kad_blocks_body_custom_js":"","_kad_blocks_footer_custom_js":"","_kad_post_transparent":"","_kad_post_title":"","_kad_post_layout":"","_kad_post_sidebar_id":"","_kad_post_content_style":"","_kad_post_vertical_padding":"","_kad_post_feature":"","_kad_post_feature_position":"","_kad_post_header":false,"_kad_post_footer":false,"_kad_post_classname":"","footnotes":""},"categories":[43],"class_list":["post-5383","page","type-page","status-publish","has-post-thumbnail","hentry","category-info-coureur"],"acf":[],"taxonomy_info":{"category":[{"value":43,"label":"info coureur"}]},"featured_image_src_large":["https:\/\/100km.ch\/wp-content\/uploads\/BLT_strecke5-1024x680.jpg",1024,680,true],"author_info":{"display_name":"Eventra","author_link":"https:\/\/100km.ch\/fr\/author\/murielle\/"},"comment_info":0,"_links":{"self":[{"href":"https:\/\/100km.ch\/fr\/wp-json\/wp\/v2\/pages\/5383","targetHints":{"allow":["GET"]}}],"collection":[{"href":"https:\/\/100km.ch\/fr\/wp-json\/wp\/v2\/pages"}],"about":[{"href":"https:\/\/100km.ch\/fr\/wp-json\/wp\/v2\/types\/page"}],"author":[{"embeddable":true,"href":"https:\/\/100km.ch\/fr\/wp-json\/wp\/v2\/users\/3"}],"replies":[{"embeddable":true,"href":"https:\/\/100km.ch\/fr\/wp-json\/wp\/v2\/comments?post=5383"}],"version-history":[{"count":6,"href":"https:\/\/100km.ch\/fr\/wp-json\/wp\/v2\/pages\/5383\/revisions"}],"predecessor-version":[{"id":10612,"href":"https:\/\/100km.ch\/fr\/wp-json\/wp\/v2\/pages\/5383\/revisions\/10612"}],"wp:featuredmedia":[{"embeddable":true,"href":"https:\/\/100km.ch\/fr\/wp-json\/wp\/v2\/media\/2160"}],"wp:attachment":[{"href":"https:\/\/100km.ch\/fr\/wp-json\/wp\/v2\/media?parent=5383"}],"wp:term":[{"taxonomy":"category","embeddable":true,"href":"https:\/\/100km.ch\/fr\/wp-json\/wp\/v2\/categories?post=5383"}],"curies":[{"name":"wp","href":"https:\/\/api.w.org\/{rel}","templated":true}]}}