{"id":5429,"date":"2023-03-02T16:28:39","date_gmt":"2023-03-02T15:28:39","guid":{"rendered":"https:\/\/100km.ch\/parking\/"},"modified":"2025-06-12T12:20:20","modified_gmt":"2025-06-12T11:20:20","slug":"parking","status":"publish","type":"page","link":"https:\/\/100km.ch\/fr\/parking\/","title":{"rendered":"Parking"},"content":{"rendered":"\n<p>Le parking de la Tissot Arena est accessible au public pour tous les visiteurs. Un nombre limit\u00e9 de tickets de sortie est disponible. Ces tickets peuvent \u00eatre retir\u00e9s \u00e0 notre point d&rsquo;information pour CHF 20.00. Veuillez noter que l&rsquo;offre est limit\u00e9e et qu&rsquo;aucune r\u00e9servation n\u2019est possible. Nous recommandons toutefois d\u2019utiliser les transports publics et de profiter du <em>Runner Ticket<\/em>.<\/p>\n\n\n\n<p><strong>!! Les tickets de sortie sont uniquement valables pour le parking couvert (indoor) situ\u00e9 du c\u00f4t\u00e9 sud de la Tissot Arena. !!<\/strong><\/p>\n\n\n\n<p><\/p>\n","protected":false},"excerpt":{"rendered":"<p>Le parking de la Tissot Arena est accessible au public pour tous les visiteurs. Un nombre limit\u00e9 de tickets de sortie est disponible. Ces tickets peuvent \u00eatre retir\u00e9s \u00e0 notre point d&rsquo;information pour CHF 20.00. Veuillez noter que l&rsquo;offre est limit\u00e9e et qu&rsquo;aucune r\u00e9servation n\u2019est possible. Nous recommandons toutefois d\u2019utiliser les transports publics et de&#8230;<\/p>\n","protected":false},"author":3,"featured_media":0,"parent":0,"menu_order":0,"comment_status":"closed","ping_status":"closed","template":"","meta":{"_acf_changed":false,"_eb_attr":"","_kad_blocks_custom_css":"","_kad_blocks_head_custom_js":"","_kad_blocks_body_custom_js":"","_kad_blocks_footer_custom_js":"","_kad_post_transparent":"","_kad_post_title":"","_kad_post_layout":"","_kad_post_sidebar_id":"","_kad_post_content_style":"","_kad_post_vertical_padding":"","_kad_post_feature":"","_kad_post_feature_position":"","_kad_post_header":false,"_kad_post_footer":false,"_kad_post_classname":"","footnotes":""},"categories":[43],"class_list":["post-5429","page","type-page","status-publish","hentry","category-info-coureur"],"acf":[],"taxonomy_info":{"category":[{"value":43,"label":"info coureur"}]},"featured_image_src_large":false,"author_info":{"display_name":"Eventra","author_link":"https:\/\/100km.ch\/fr\/author\/murielle\/"},"comment_info":0,"_links":{"self":[{"href":"https:\/\/100km.ch\/fr\/wp-json\/wp\/v2\/pages\/5429","targetHints":{"allow":["GET"]}}],"collection":[{"href":"https:\/\/100km.ch\/fr\/wp-json\/wp\/v2\/pages"}],"about":[{"href":"https:\/\/100km.ch\/fr\/wp-json\/wp\/v2\/types\/page"}],"author":[{"embeddable":true,"href":"https:\/\/100km.ch\/fr\/wp-json\/wp\/v2\/users\/3"}],"replies":[{"embeddable":true,"href":"https:\/\/100km.ch\/fr\/wp-json\/wp\/v2\/comments?post=5429"}],"version-history":[{"count":5,"href":"https:\/\/100km.ch\/fr\/wp-json\/wp\/v2\/pages\/5429\/revisions"}],"predecessor-version":[{"id":9834,"href":"https:\/\/100km.ch\/fr\/wp-json\/wp\/v2\/pages\/5429\/revisions\/9834"}],"wp:attachment":[{"href":"https:\/\/100km.ch\/fr\/wp-json\/wp\/v2\/media?parent=5429"}],"wp:term":[{"taxonomy":"category","embeddable":true,"href":"https:\/\/100km.ch\/fr\/wp-json\/wp\/v2\/categories?post=5429"}],"curies":[{"name":"wp","href":"https:\/\/api.w.org\/{rel}","templated":true}]}}