{"id":7235,"date":"2023-10-25T08:06:02","date_gmt":"2023-10-25T07:06:02","guid":{"rendered":"https:\/\/100.webdev4u.info\/possede-ton-propre-kilometre\/"},"modified":"2025-01-23T15:24:01","modified_gmt":"2025-01-23T14:24:01","slug":"possede-ton-propre-kilometre","status":"publish","type":"page","link":"https:\/\/100km.ch\/fr\/possede-ton-propre-kilometre\/","title":{"rendered":"POSS\u00c8DE TON PROPRE KILOM\u00c8TRE"},"content":{"rendered":"\n<p>Les journ\u00e9es de course de Bienne ont lieu depuis 1959. Ann\u00e9e apr\u00e8s ann\u00e9e, divers formats de course sont propos\u00e9s.<br>Pour que la traditionnelle course des 100 KM puisse continuer \u00e0 exister \u00e0 l&rsquo;avenir, nous avons besoin de ton pr\u00e9cieux soutien. Pour CHF 500.00, tu as la possibilit\u00e9 unique d&rsquo;obtenir ton propre kilom\u00e8tre personnel et de soutenir en m\u00eame temps les Courses de Bienne.<\/p>\n\n\n\n<p>Attrape ton propre kilom\u00e8tre, le long de la l\u00e9gendaire route des 100 km. En tant que d\u00e9tenteur\/trice de kilom\u00e8tres*, ton nom sera mentionn\u00e9 sur le site Internet des Courses de Bienne et tu recevras en outre une place de d\u00e9part aux Courses de Bienne de ton choix &#8211; lan\u00e7ons-nous ensemble dans la \u00ab\u00a0Nuit des nuits\u00a0\u00bb.<\/p>\n\n\n\n<p>Tu veux assurer l&rsquo;avenir des Courses de Bienne ? Soutenez les Courses de Bienne en achetant votre kilom\u00e8tre personnel. en fais-tu partie ?<\/p>\n\n\n\n<div class=\"wp-block-columns is-layout-flex wp-container-core-columns-is-layout-9d6595d7 wp-block-columns-is-layout-flex\">\n<div class=\"wp-block-column is-layout-flow wp-block-column-is-layout-flow\" style=\"flex-basis:100%\"><div class=\"gb-container gb-container-26698d7a\">\n<div class='fluentform ff-default fluentform_wrapper_9  ff_guten_block ff_guten_block-9 ffs_default_wrap'><form data-form_id=\"9\" id=\"fluentform_9\" class=\"frm-fluent-form fluent_form_9 ff-el-form-top ff_form_instance_9_1 ff-form-loading ffs_default\" data-form_instance=\"ff_form_instance_9_1\" method=\"POST\" ><fieldset  style=\"border: none!important;margin: 0!important;padding: 0!important;background-color: transparent!important;box-shadow: none!important;outline: none!important; min-inline-size: 100%;\">\n                    <legend class=\"ff_screen_reader_title\" style=\"display: block; margin: 0!important;padding: 0!important;height: 0!important;text-indent: -999999px;width: 0!important;overflow:hidden;\">EigenenKM_DE<\/legend><input type='hidden' name='__fluent_form_embded_post_id' value='7235' \/><input type=\"hidden\" id=\"_fluentform_9_fluentformnonce\" name=\"_fluentform_9_fluentformnonce\" value=\"961571d50c\" \/><input type=\"hidden\" name=\"_wp_http_referer\" value=\"\/fr\/wp-json\/wp\/v2\/pages\/7235\" \/><div data-type=\"name-element\" data-name=\"names\" class=\" ff-field_container ff-name-field-wrapper\" ><div class='ff-t-container'><div class='ff-t-cell '><div class='ff-el-group  ff-el-form-top'><div class=\"ff-el-input--label ff-el-is-required asterisk-right\"><label for='ff_9_names_first_name_' id='label_ff_9_names_first_name_' >Vorname<\/label><\/div><div class='ff-el-input--content'><input type=\"text\" name=\"names[first_name]\" id=\"ff_9_names_first_name_\" class=\"ff-el-form-control\" placeholder=\"Vorname\" aria-invalid=\"false\" aria-required=true><\/div><\/div><\/div><div class='ff-t-cell '><div class='ff-el-group  ff-el-form-top'><div class=\"ff-el-input--label ff-el-is-required asterisk-right\"><label for='ff_9_names_last_name_' id='label_ff_9_names_last_name_' >Nachname<\/label><\/div><div class='ff-el-input--content'><input type=\"text\" name=\"names[last_name]\" id=\"ff_9_names_last_name_\" class=\"ff-el-form-control\" placeholder=\"Nachname\" aria-invalid=\"false\" aria-required=true><\/div><\/div><\/div><\/div><\/div><div data-name=\"ff_cn_id_1\"  class='ff-t-container ff-column-container ff_columns_total_2 '><div class='ff-t-cell ff-t-column-1' style='flex-basis: 50%;'><div class='ff-el-group'><div class=\"ff-el-input--label asterisk-right\"><label for='ff_9_input_text' id='label_ff_9_input_text' aria-label=\"Strasse\">Strasse<\/label><\/div><div class='ff-el-input--content'><input type=\"text\" name=\"input_text\" class=\"ff-el-form-control\" data-name=\"input_text\" id=\"ff_9_input_text\"  aria-invalid=\"false\" aria-required=false><\/div><\/div><\/div><div class='ff-t-cell ff-t-column-2' style='flex-basis: 50%;'><div class='ff-el-group'><div class=\"ff-el-input--label asterisk-right\"><label for='ff_9_input_text_1' id='label_ff_9_input_text_1' aria-label=\"PLZ\">PLZ<\/label><\/div><div class='ff-el-input--content'><input type=\"text\" name=\"input_text_1\" class=\"ff-el-form-control\" data-name=\"input_text_1\" id=\"ff_9_input_text_1\"  aria-invalid=\"false\" aria-required=false><\/div><\/div><\/div><\/div><div data-name=\"ff_cn_id_2\"  class='ff-t-container ff-column-container ff_columns_total_2 '><div class='ff-t-cell ff-t-column-1' style='flex-basis: 50%;'><div class='ff-el-group'><div class=\"ff-el-input--label ff-el-is-required asterisk-right\"><label for='ff_9_email' id='label_ff_9_email' aria-label=\"E-Mail\">E-Mail<\/label><\/div><div class='ff-el-input--content'><input type=\"email\" name=\"email\" id=\"ff_9_email\" class=\"ff-el-form-control\" placeholder=\"E-Mail\" data-name=\"email\"  aria-invalid=\"false\" aria-required=true><\/div><\/div><\/div><div class='ff-t-cell ff-t-column-2' style='flex-basis: 50%;'><div class='ff-el-group'><div class=\"ff-el-input--label ff-el-is-required asterisk-right\"><label for='ff_9_phone' id='label_ff_9_phone' aria-label=\"Handy-Nr\">Handy-Nr<\/label><\/div><div class='ff-el-input--content'><input name=\"phone\" class=\"ff-el-form-control ff-el-phone\" type=\"tel\" placeholder=\"Handy-Nr\" data-name=\"phone\" id=\"ff_9_phone\" inputmode=\"tel\"  aria-invalid='false' aria-required=true><\/div><\/div><\/div><\/div><div class='ff-el-group'><div class=\"ff-el-input--label asterisk-right\"><label for='ff_9_numeric-field' id='label_ff_9_numeric-field' aria-label=\"Welchen KM w\u00fcnschst Du? (s. untenstehende Liste)\">Welchen KM w\u00fcnschst Du? (s. untenstehende Liste)<\/label><\/div><div class='ff-el-input--content'><input type=\"text\" name=\"numeric-field\" id=\"ff_9_numeric-field\" class=\"ff-el-form-control  ff_numeric\" data-name=\"numeric-field\" inputmode=\"numeric\" step=\"any\" min=\"1\" aria-valuemin=\"1\" max=\"100\" aria-valuemax=\"100\" data-formatter=\"{&quot;decimal&quot;:&quot;,&quot;,&quot;separator&quot;:&quot;.&quot;,&quot;precision&quot;:0,&quot;symbol&quot;:&quot;&quot;}\"  aria-invalid=\"false\" aria-required=false><\/div><\/div><div class='ff-el-group ff-text-left ff_submit_btn_wrapper'><button type=\"submit\" class=\"ff-btn ff-btn-submit ff-btn-md ff_btn_style wpf_has_custom_css\"  aria-label=\"Formular einreichen\">Formular einreichen<\/button><\/div><\/fieldset><\/form><div id='fluentform_9_errors' class='ff-errors-in-stack ff_form_instance_9_1 ff-form-loading_errors ff_form_instance_9_1_errors'><\/div><\/div>            <script type=\"text\/javascript\">\n                window.fluent_form_ff_form_instance_9_1 = {\"id\":\"9\",\"settings\":{\"layout\":{\"labelPlacement\":\"top\",\"helpMessagePlacement\":\"with_label\",\"errorMessagePlacement\":\"inline\",\"cssClassName\":\"\",\"asteriskPlacement\":\"asterisk-right\"},\"restrictions\":{\"denyEmptySubmission\":{\"enabled\":false}}},\"form_instance\":\"ff_form_instance_9_1\",\"form_id_selector\":\"fluentform_9\",\"rules\":{\"names[first_name]\":{\"required\":{\"value\":true,\"message\":\"Dieses Feld ist erforderlich\"}},\"names[middle_name]\":{\"required\":{\"value\":false,\"message\":\"Dieses Feld ist erforderlich\"}},\"names[last_name]\":{\"required\":{\"value\":true,\"message\":\"Dieses Feld ist erforderlich\"}},\"input_text\":{\"required\":{\"value\":false,\"message\":\"Dieses Feld ist erforderlich\"}},\"input_text_1\":{\"required\":{\"value\":false,\"message\":\"Dieses Feld ist erforderlich\"}},\"email\":{\"required\":{\"value\":true,\"message\":\"Dieses Feld ist erforderlich\"},\"email\":{\"value\":true,\"message\":\"Dieses Feld muss eine g\\u00fcltige E-Mail-Adresse enthalten\"}},\"phone\":{\"required\":{\"value\":true,\"message\":\"Dieses Feld ist erforderlich\"},\"valid_phone_number\":{\"value\":false,\"message\":\"Telefonnummer ist nicht g\\u00fcltig\"}},\"numeric-field\":{\"required\":{\"value\":false,\"message\":\"Dieses Feld ist erforderlich\"},\"numeric\":{\"value\":true,\"message\":\"Dieses Feld muss einen numerischen Wert enthalten\"},\"min\":{\"value\":\"1\",\"message\":\"Mindestwert ist 1\"},\"max\":{\"value\":\"100\",\"message\":\"Maximalwert ist 100\"},\"digits\":{\"value\":\"\",\"message\":\"The number of digits has to be \"}}},\"debounce_time\":300};\n                            <\/script>\n            \n<\/div><\/div>\n<\/div>\n\n\n\n<p><strong>Attention !  <\/strong>Les KM suivants ne sont pas autoris\u00e9s \u00e0 la vente : 5,10,15,20,25,30,35,40,45,50,55,60,65,70,75,80,85,90,95,96,97,98,99<\/p>\n","protected":false},"excerpt":{"rendered":"<p>Les journ\u00e9es de course de Bienne ont lieu depuis 1959. Ann\u00e9e apr\u00e8s ann\u00e9e, divers formats de course sont propos\u00e9s.Pour que la traditionnelle course des 100 KM puisse continuer \u00e0 exister \u00e0 l&rsquo;avenir, nous avons besoin de ton pr\u00e9cieux soutien. Pour CHF 500.00, tu as la possibilit\u00e9 unique d&rsquo;obtenir ton propre kilom\u00e8tre personnel et de soutenir&#8230;<\/p>\n","protected":false},"author":1,"featured_media":6513,"parent":0,"menu_order":0,"comment_status":"closed","ping_status":"closed","template":"","meta":{"_acf_changed":false,"_eb_attr":"","_kad_blocks_custom_css":"","_kad_blocks_head_custom_js":"","_kad_blocks_body_custom_js":"","_kad_blocks_footer_custom_js":"","_kad_post_transparent":"","_kad_post_title":"","_kad_post_layout":"","_kad_post_sidebar_id":"","_kad_post_content_style":"","_kad_post_vertical_padding":"","_kad_post_feature":"","_kad_post_feature_position":"","_kad_post_header":false,"_kad_post_footer":false,"_kad_post_classname":"","footnotes":""},"categories":[],"class_list":["post-7235","page","type-page","status-publish","has-post-thumbnail","hentry"],"acf":[],"taxonomy_info":[],"featured_image_src_large":["https:\/\/100km.ch\/wp-content\/uploads\/web_A4F_3799-1024x679.webp",1024,679,true],"author_info":{"display_name":"marcelheiniger","author_link":"https:\/\/100km.ch\/fr\/author\/marcelheiniger\/"},"comment_info":0,"_links":{"self":[{"href":"https:\/\/100km.ch\/fr\/wp-json\/wp\/v2\/pages\/7235","targetHints":{"allow":["GET"]}}],"collection":[{"href":"https:\/\/100km.ch\/fr\/wp-json\/wp\/v2\/pages"}],"about":[{"href":"https:\/\/100km.ch\/fr\/wp-json\/wp\/v2\/types\/page"}],"author":[{"embeddable":true,"href":"https:\/\/100km.ch\/fr\/wp-json\/wp\/v2\/users\/1"}],"replies":[{"embeddable":true,"href":"https:\/\/100km.ch\/fr\/wp-json\/wp\/v2\/comments?post=7235"}],"version-history":[{"count":8,"href":"https:\/\/100km.ch\/fr\/wp-json\/wp\/v2\/pages\/7235\/revisions"}],"predecessor-version":[{"id":9177,"href":"https:\/\/100km.ch\/fr\/wp-json\/wp\/v2\/pages\/7235\/revisions\/9177"}],"wp:featuredmedia":[{"embeddable":true,"href":"https:\/\/100km.ch\/fr\/wp-json\/wp\/v2\/media\/6513"}],"wp:attachment":[{"href":"https:\/\/100km.ch\/fr\/wp-json\/wp\/v2\/media?parent=7235"}],"wp:term":[{"taxonomy":"category","embeddable":true,"href":"https:\/\/100km.ch\/fr\/wp-json\/wp\/v2\/categories?post=7235"}],"curies":[{"name":"wp","href":"https:\/\/api.w.org\/{rel}","templated":true}]}}