{"id":9278,"date":"2024-12-24T11:15:09","date_gmt":"2024-12-24T10:15:09","guid":{"rendered":"https:\/\/100km.ch\/swiss-runner-ticket\/"},"modified":"2025-12-17T10:22:41","modified_gmt":"2025-12-17T09:22:41","slug":"swiss-runner-ticket","status":"publish","type":"page","link":"https:\/\/100km.ch\/fr\/swiss-runner-ticket\/","title":{"rendered":"Swiss Runners Ticket"},"content":{"rendered":"\n<p>Si vous vous inscrivez aux Journ\u00e9es de Course de Bienne, vous b\u00e9n\u00e9ficiez d&rsquo;un aller-retour gratuit en train (\u00e0 l&rsquo;exception de la Coop Kids Run). Les codes promotionnels pour l&rsquo;achat du billet gratuit seront envoy\u00e9s par e-mail avant la course. Ces codes promotionnels permettent d&rsquo;obtenir gratuitement un billet de train aupr\u00e8s des CFF. Plus d&rsquo;infos sur le Swiss Runners Ticket tu trouves ici: <a href=\"http:\/\/www.sbb.ch\/swissrunners\">www.sbb.ch\/swissrunners<\/a><\/p>\n\n\n\n<p><\/p>\n","protected":false},"excerpt":{"rendered":"<p>Si vous vous inscrivez aux Journ\u00e9es de Course de Bienne, vous b\u00e9n\u00e9ficiez d&rsquo;un aller-retour gratuit en train (\u00e0 l&rsquo;exception de la Coop Kids Run). Les codes promotionnels pour l&rsquo;achat du billet gratuit seront envoy\u00e9s par e-mail avant la course. Ces codes promotionnels permettent d&rsquo;obtenir gratuitement un billet de train aupr\u00e8s des CFF. Plus d&rsquo;infos sur&#8230;<\/p>\n","protected":false},"author":3,"featured_media":8947,"parent":0,"menu_order":0,"comment_status":"closed","ping_status":"closed","template":"","meta":{"_acf_changed":false,"_eb_attr":"","_kad_blocks_custom_css":"","_kad_blocks_head_custom_js":"","_kad_blocks_body_custom_js":"","_kad_blocks_footer_custom_js":"","_kad_post_transparent":"","_kad_post_title":"","_kad_post_layout":"","_kad_post_sidebar_id":"","_kad_post_content_style":"","_kad_post_vertical_padding":"","_kad_post_feature":"","_kad_post_feature_position":"","_kad_post_header":false,"_kad_post_footer":false,"_kad_post_classname":"","footnotes":""},"categories":[43],"class_list":["post-9278","page","type-page","status-publish","has-post-thumbnail","hentry","category-info-coureur"],"acf":[],"taxonomy_info":{"category":[{"value":43,"label":"info coureur"}]},"featured_image_src_large":["https:\/\/100km.ch\/wp-content\/uploads\/DSC_2581-1024x683.jpg",1024,683,true],"author_info":{"display_name":"Eventra","author_link":"https:\/\/100km.ch\/fr\/author\/murielle\/"},"comment_info":0,"_links":{"self":[{"href":"https:\/\/100km.ch\/fr\/wp-json\/wp\/v2\/pages\/9278","targetHints":{"allow":["GET"]}}],"collection":[{"href":"https:\/\/100km.ch\/fr\/wp-json\/wp\/v2\/pages"}],"about":[{"href":"https:\/\/100km.ch\/fr\/wp-json\/wp\/v2\/types\/page"}],"author":[{"embeddable":true,"href":"https:\/\/100km.ch\/fr\/wp-json\/wp\/v2\/users\/3"}],"replies":[{"embeddable":true,"href":"https:\/\/100km.ch\/fr\/wp-json\/wp\/v2\/comments?post=9278"}],"version-history":[{"count":3,"href":"https:\/\/100km.ch\/fr\/wp-json\/wp\/v2\/pages\/9278\/revisions"}],"predecessor-version":[{"id":10638,"href":"https:\/\/100km.ch\/fr\/wp-json\/wp\/v2\/pages\/9278\/revisions\/10638"}],"wp:featuredmedia":[{"embeddable":true,"href":"https:\/\/100km.ch\/fr\/wp-json\/wp\/v2\/media\/8947"}],"wp:attachment":[{"href":"https:\/\/100km.ch\/fr\/wp-json\/wp\/v2\/media?parent=9278"}],"wp:term":[{"taxonomy":"category","embeddable":true,"href":"https:\/\/100km.ch\/fr\/wp-json\/wp\/v2\/categories?post=9278"}],"curies":[{"name":"wp","href":"https:\/\/api.w.org\/{rel}","templated":true}]}}